{"id":5750,"date":"2025-10-31T16:00:25","date_gmt":"2025-10-31T16:00:25","guid":{"rendered":"https:\/\/greencourt.mgcomunicacio.com\/producto\/taula-de-tennis-mod-tabarca-semi-antivandalica\/"},"modified":"2025-10-31T16:00:25","modified_gmt":"2025-10-31T15:00:25","slug":"taula-de-tennis-mod-tabarca-semi-antivandalica","status":"publish","type":"product","link":"https:\/\/greencourt.mgcomunicacio.com\/ca\/producto\/taula-de-tennis-mod-tabarca-semi-antivandalica\/","title":{"rendered":"Taula de tennis Mod. Tabarca semi-antivand\u00e0lica"},"content":{"rendered":"","protected":false},"excerpt":{"rendered":"<ul>\n<li>Taula d&#8217;exterior semiantivand\u00e0lica. Tauler de 7 mm de resina estratificada amb fortes barres de metall que permeten la uni\u00f3 dels dos taulers. Perfil met\u00e0l\u00b7lic a tot el per\u00edmetre. Xarxa met\u00e0l\u00b7lica zincada. Potes met\u00e0l\u00b7liques lacades en pintura poli\u00e8ster en forma de V per a m\u00e9s resist\u00e8ncia (inclou cargols per ancorar a terra). Dimensions 2740 x 1525 x 760 mm. pes 80 kg.      <\/li>\n<\/ul>\n","protected":false},"featured_media":3309,"comment_status":"closed","ping_status":"open","template":"","meta":{"_acf_changed":false},"product_brand":[],"product_cat":[217,263],"product_tag":[],"class_list":{"0":"post-5750","1":"product","2":"type-product","3":"status-publish","4":"has-post-thumbnail","6":"product_cat-altres-esports","7":"product_cat-tennis-de-taula-o-ping-pong","9":"first","10":"instock","11":"purchasable","12":"product-type-simple"},"acf":[],"_links":{"self":[{"href":"https:\/\/greencourt.mgcomunicacio.com\/ca\/wp-json\/wp\/v2\/product\/5750","targetHints":{"allow":["GET"]}}],"collection":[{"href":"https:\/\/greencourt.mgcomunicacio.com\/ca\/wp-json\/wp\/v2\/product"}],"about":[{"href":"https:\/\/greencourt.mgcomunicacio.com\/ca\/wp-json\/wp\/v2\/types\/product"}],"replies":[{"embeddable":true,"href":"https:\/\/greencourt.mgcomunicacio.com\/ca\/wp-json\/wp\/v2\/comments?post=5750"}],"wp:featuredmedia":[{"embeddable":true,"href":"https:\/\/greencourt.mgcomunicacio.com\/ca\/wp-json\/wp\/v2\/media\/3309"}],"wp:attachment":[{"href":"https:\/\/greencourt.mgcomunicacio.com\/ca\/wp-json\/wp\/v2\/media?parent=5750"}],"wp:term":[{"taxonomy":"product_brand","embeddable":true,"href":"https:\/\/greencourt.mgcomunicacio.com\/ca\/wp-json\/wp\/v2\/product_brand?post=5750"},{"taxonomy":"product_cat","embeddable":true,"href":"https:\/\/greencourt.mgcomunicacio.com\/ca\/wp-json\/wp\/v2\/product_cat?post=5750"},{"taxonomy":"product_tag","embeddable":true,"href":"https:\/\/greencourt.mgcomunicacio.com\/ca\/wp-json\/wp\/v2\/product_tag?post=5750"}],"curies":[{"name":"wp","href":"https:\/\/api.w.org\/{rel}","templated":true}]}}