{"id":5751,"date":"2025-10-31T16:00:18","date_gmt":"2025-10-31T16:00:18","guid":{"rendered":"https:\/\/greencourt.mgcomunicacio.com\/producto\/escombradora-honda-fg201b-amb-raspalls\/"},"modified":"2025-10-31T16:00:18","modified_gmt":"2025-10-31T15:00:18","slug":"escombradora-honda-fg201b-amb-raspalls","status":"publish","type":"product","link":"https:\/\/greencourt.mgcomunicacio.com\/ca\/producto\/escombradora-honda-fg201b-amb-raspalls\/","title":{"rendered":"Escombradora Honda FG201B amb raspalls"},"content":{"rendered":"","protected":false},"excerpt":{"rendered":"<p>Escombradora amb motor Honda GXV 50, potent i silenci\u00f3s, sempre arrencar\u00e0s a la primera. De baixes emissions i poc consum <\/p>\n<p>L&#8217;escombradora Honda FG 201 B et permet eliminar f\u00e0cilment les part\u00edcules estranyes que hi hagi a la seva superf\u00edcie i la pols verda provinent del desgast de la fibra, alhora que neteges tota la brut\u00edcia que est\u00e0 barrejada amb la sorra.<\/p>\n<p>El seu sistema de raspalls d&#8217;alta qualitat proporciona un excel\u00b7lent escombrat per a deixalles mitjanes i petites. Disposes de dos tipus de raspall, est\u00e0ndard o dur, a escollir en funci\u00f3 de la superf\u00edcie a escombrar o de si utilitzar\u00e0s la m\u00e0quina per al manteniment o regeneraci\u00f3 d&#8217;una superf\u00edcie coberta amb gespa artificial. <\/p>\n","protected":false},"featured_media":3277,"comment_status":"closed","ping_status":"open","template":"","meta":{"_acf_changed":false},"product_brand":[],"product_cat":[221,264],"product_tag":[],"class_list":{"0":"post-5751","1":"product","2":"type-product","3":"status-publish","4":"has-post-thumbnail","6":"product_cat-padel","7":"product_cat-maquinaria-de-manteniment","9":"first","10":"instock","11":"purchasable","12":"product-type-simple"},"acf":[],"_links":{"self":[{"href":"https:\/\/greencourt.mgcomunicacio.com\/ca\/wp-json\/wp\/v2\/product\/5751","targetHints":{"allow":["GET"]}}],"collection":[{"href":"https:\/\/greencourt.mgcomunicacio.com\/ca\/wp-json\/wp\/v2\/product"}],"about":[{"href":"https:\/\/greencourt.mgcomunicacio.com\/ca\/wp-json\/wp\/v2\/types\/product"}],"replies":[{"embeddable":true,"href":"https:\/\/greencourt.mgcomunicacio.com\/ca\/wp-json\/wp\/v2\/comments?post=5751"}],"wp:featuredmedia":[{"embeddable":true,"href":"https:\/\/greencourt.mgcomunicacio.com\/ca\/wp-json\/wp\/v2\/media\/3277"}],"wp:attachment":[{"href":"https:\/\/greencourt.mgcomunicacio.com\/ca\/wp-json\/wp\/v2\/media?parent=5751"}],"wp:term":[{"taxonomy":"product_brand","embeddable":true,"href":"https:\/\/greencourt.mgcomunicacio.com\/ca\/wp-json\/wp\/v2\/product_brand?post=5751"},{"taxonomy":"product_cat","embeddable":true,"href":"https:\/\/greencourt.mgcomunicacio.com\/ca\/wp-json\/wp\/v2\/product_cat?post=5751"},{"taxonomy":"product_tag","embeddable":true,"href":"https:\/\/greencourt.mgcomunicacio.com\/ca\/wp-json\/wp\/v2\/product_tag?post=5751"}],"curies":[{"name":"wp","href":"https:\/\/api.w.org\/{rel}","templated":true}]}}