{"id":5752,"date":"2025-10-31T16:00:31","date_gmt":"2025-10-31T16:00:31","guid":{"rendered":"https:\/\/greencourt.mgcomunicacio.com\/producto\/joc-de-porteries-de-futbol-sala-amb-cistella-de-basquet\/"},"modified":"2025-10-31T16:00:31","modified_gmt":"2025-10-31T15:00:31","slug":"joc-de-porteries-de-futbol-sala-amb-cistella-de-basquet","status":"publish","type":"product","link":"https:\/\/greencourt.mgcomunicacio.com\/ca\/producto\/joc-de-porteries-de-futbol-sala-amb-cistella-de-basquet\/","title":{"rendered":"Joc de porteries de futbol sala, amb cistella de b\u00e0squet"},"content":{"rendered":"","protected":false},"excerpt":{"rendered":"<p>PRODUCCI\u00d3 PER ENCARREGAMENT. ANCORAR SEMPRE A TERRA. Porteries compostes per marc (llarguers i pals) de  <\/p>\n<p>dimensions normativa FIFA de 3,00 x 2,00 mts interiors i cistella amb tauler antivand\u00e0lic amb xapa perforada de<\/p>\n<p>dimensions minib\u00e0squet per\u00f2 amb l&#8217;al\u00e7ada reglament\u00e0ria a la cistella de b\u00e0squet, el vol d&#8217;aquesta cistella \u00e9s de 65 cm.<\/p>\n<p>IMPORTANT, necessari i obligatori l&#8217;ancoratge a terra de l&#8217;estructura mitjan\u00e7ant les 7 pletines amb forats d&#8217;1,5 cm que<\/p>\n<ul>\n<li>porta inclosos per poder-lo cargolar a terra cada porteria. Inclou c\u00e8rcols i xarxes, Possibilitat de pintat en color gris, verd, blanc. consulteu altres opcions  <\/li>\n<\/ul>\n","protected":false},"featured_media":3368,"comment_status":"closed","ping_status":"open","template":"","meta":{"_acf_changed":false},"product_brand":[],"product_cat":[230,265],"product_tag":[],"class_list":{"0":"post-5752","1":"product","2":"type-product","3":"status-publish","4":"has-post-thumbnail","6":"product_cat-futbol","7":"product_cat-porteries-de-futbol","9":"first","10":"instock","11":"purchasable","12":"product-type-simple"},"acf":[],"_links":{"self":[{"href":"https:\/\/greencourt.mgcomunicacio.com\/ca\/wp-json\/wp\/v2\/product\/5752","targetHints":{"allow":["GET"]}}],"collection":[{"href":"https:\/\/greencourt.mgcomunicacio.com\/ca\/wp-json\/wp\/v2\/product"}],"about":[{"href":"https:\/\/greencourt.mgcomunicacio.com\/ca\/wp-json\/wp\/v2\/types\/product"}],"replies":[{"embeddable":true,"href":"https:\/\/greencourt.mgcomunicacio.com\/ca\/wp-json\/wp\/v2\/comments?post=5752"}],"wp:featuredmedia":[{"embeddable":true,"href":"https:\/\/greencourt.mgcomunicacio.com\/ca\/wp-json\/wp\/v2\/media\/3368"}],"wp:attachment":[{"href":"https:\/\/greencourt.mgcomunicacio.com\/ca\/wp-json\/wp\/v2\/media?parent=5752"}],"wp:term":[{"taxonomy":"product_brand","embeddable":true,"href":"https:\/\/greencourt.mgcomunicacio.com\/ca\/wp-json\/wp\/v2\/product_brand?post=5752"},{"taxonomy":"product_cat","embeddable":true,"href":"https:\/\/greencourt.mgcomunicacio.com\/ca\/wp-json\/wp\/v2\/product_cat?post=5752"},{"taxonomy":"product_tag","embeddable":true,"href":"https:\/\/greencourt.mgcomunicacio.com\/ca\/wp-json\/wp\/v2\/product_tag?post=5752"}],"curies":[{"name":"wp","href":"https:\/\/api.w.org\/{rel}","templated":true}]}}