{"id":5762,"date":"2025-10-31T16:00:25","date_gmt":"2025-10-31T16:00:25","guid":{"rendered":"https:\/\/greencourt.mgcomunicacio.com\/producto\/paperera-semicircular-de-40-l\/"},"modified":"2025-10-31T16:00:25","modified_gmt":"2025-10-31T15:00:25","slug":"paperera-semicircular-de-40-l","status":"publish","type":"product","link":"https:\/\/greencourt.mgcomunicacio.com\/ca\/producto\/paperera-semicircular-de-40-l\/","title":{"rendered":"Paperera semicircular de 40 L"},"content":{"rendered":"","protected":false},"excerpt":{"rendered":"<ul>\n<li>Paperera amb cubeta semicircular abatible d&#8217;acer amb forats triangulars amb tractament Ferrus per tractar la corrosi\u00f3. Recobriment final de pintura de poli\u00e8ster en pols color gris RAL 7011. Cubeta recolzada en estructura de tub de 40 mm amb base d&#8217;ancoratge i pletines rectangulars amb 2 forats de 12 mm per a la seva fixaci\u00f3 al terra.  <\/li>\n<\/ul>\n<p>Mesures: 455 mm de di\u00e0metre, 605 mm d&#8217;al\u00e7ada total.<\/p>\n<p>Ancoratge recomanat: Mitjan\u00e7ant quatre perns d&#8217;expansi\u00f3 de M8 segons la superf\u00edcie i el projecte.<\/p>\n","protected":false},"featured_media":3339,"comment_status":"closed","ping_status":"open","template":"","meta":{"_acf_changed":false},"product_brand":[],"product_cat":[236,237],"product_tag":[],"class_list":{"0":"post-5762","1":"product","2":"type-product","3":"status-publish","4":"has-post-thumbnail","6":"product_cat-mobiliari","7":"product_cat-mobiliari-urba","9":"first","10":"instock","11":"purchasable","12":"product-type-simple"},"acf":[],"_links":{"self":[{"href":"https:\/\/greencourt.mgcomunicacio.com\/ca\/wp-json\/wp\/v2\/product\/5762","targetHints":{"allow":["GET"]}}],"collection":[{"href":"https:\/\/greencourt.mgcomunicacio.com\/ca\/wp-json\/wp\/v2\/product"}],"about":[{"href":"https:\/\/greencourt.mgcomunicacio.com\/ca\/wp-json\/wp\/v2\/types\/product"}],"replies":[{"embeddable":true,"href":"https:\/\/greencourt.mgcomunicacio.com\/ca\/wp-json\/wp\/v2\/comments?post=5762"}],"wp:featuredmedia":[{"embeddable":true,"href":"https:\/\/greencourt.mgcomunicacio.com\/ca\/wp-json\/wp\/v2\/media\/3339"}],"wp:attachment":[{"href":"https:\/\/greencourt.mgcomunicacio.com\/ca\/wp-json\/wp\/v2\/media?parent=5762"}],"wp:term":[{"taxonomy":"product_brand","embeddable":true,"href":"https:\/\/greencourt.mgcomunicacio.com\/ca\/wp-json\/wp\/v2\/product_brand?post=5762"},{"taxonomy":"product_cat","embeddable":true,"href":"https:\/\/greencourt.mgcomunicacio.com\/ca\/wp-json\/wp\/v2\/product_cat?post=5762"},{"taxonomy":"product_tag","embeddable":true,"href":"https:\/\/greencourt.mgcomunicacio.com\/ca\/wp-json\/wp\/v2\/product_tag?post=5762"}],"curies":[{"name":"wp","href":"https:\/\/api.w.org\/{rel}","templated":true}]}}