{"id":5800,"date":"2025-10-31T15:59:41","date_gmt":"2025-10-31T15:59:41","guid":{"rendered":"https:\/\/greencourt.mgcomunicacio.com\/producto\/xarxa-de-tennis-torneig-pvc-personalitzada\/"},"modified":"2025-10-31T15:59:41","modified_gmt":"2025-10-31T14:59:41","slug":"xarxa-de-tennis-torneig-pvc-personalitzada","status":"publish","type":"product","link":"https:\/\/greencourt.mgcomunicacio.com\/ca\/producto\/xarxa-de-tennis-torneig-pvc-personalitzada\/","title":{"rendered":"Xarxa de tennis Torneig PVC personalitzada"},"content":{"rendered":"","protected":false},"excerpt":{"rendered":"<p>Confeccionada amb fil de polipropil\u00e8 d&#8217;alta tenacitat, xarxa de 3 mm de gruix, amplada de malla de 43 mm. Banda superior de PVC blanc, cinta de poli\u00e8ster als laterals i ribet de poli\u00e8ster negre a la part inferior de la xarxa. Un ullal a cada cantonada de la xarxa i corda de tensi\u00f3 doble de 3 mm. Cable d&#8217;acer plastificat de 5 mm.   <\/p>\n<p>Personalitzada amb serigrafia, amb el logotip facilitat pel client.<\/p>\n<p>M\u00ednim 10 unitats.<\/p>\n","protected":false},"featured_media":2975,"comment_status":"closed","ping_status":"open","template":"","meta":{"_acf_changed":false},"product_brand":[],"product_cat":[215,271],"product_tag":[],"class_list":{"0":"post-5800","1":"product","2":"type-product","3":"status-publish","4":"has-post-thumbnail","6":"product_cat-tennis","7":"product_cat-xarxes","9":"first","10":"instock","11":"purchasable","12":"product-type-simple"},"acf":[],"_links":{"self":[{"href":"https:\/\/greencourt.mgcomunicacio.com\/ca\/wp-json\/wp\/v2\/product\/5800","targetHints":{"allow":["GET"]}}],"collection":[{"href":"https:\/\/greencourt.mgcomunicacio.com\/ca\/wp-json\/wp\/v2\/product"}],"about":[{"href":"https:\/\/greencourt.mgcomunicacio.com\/ca\/wp-json\/wp\/v2\/types\/product"}],"replies":[{"embeddable":true,"href":"https:\/\/greencourt.mgcomunicacio.com\/ca\/wp-json\/wp\/v2\/comments?post=5800"}],"wp:featuredmedia":[{"embeddable":true,"href":"https:\/\/greencourt.mgcomunicacio.com\/ca\/wp-json\/wp\/v2\/media\/2975"}],"wp:attachment":[{"href":"https:\/\/greencourt.mgcomunicacio.com\/ca\/wp-json\/wp\/v2\/media?parent=5800"}],"wp:term":[{"taxonomy":"product_brand","embeddable":true,"href":"https:\/\/greencourt.mgcomunicacio.com\/ca\/wp-json\/wp\/v2\/product_brand?post=5800"},{"taxonomy":"product_cat","embeddable":true,"href":"https:\/\/greencourt.mgcomunicacio.com\/ca\/wp-json\/wp\/v2\/product_cat?post=5800"},{"taxonomy":"product_tag","embeddable":true,"href":"https:\/\/greencourt.mgcomunicacio.com\/ca\/wp-json\/wp\/v2\/product_tag?post=5800"}],"curies":[{"name":"wp","href":"https:\/\/api.w.org\/{rel}","templated":true}]}}