{"id":5817,"date":"2025-10-31T15:59:53","date_gmt":"2025-10-31T15:59:53","guid":{"rendered":"https:\/\/greencourt.mgcomunicacio.com\/producto\/maquina-asseca-pistes\/"},"modified":"2025-10-31T15:59:53","modified_gmt":"2025-10-31T14:59:53","slug":"maquina-asseca-pistes","status":"publish","type":"product","link":"https:\/\/greencourt.mgcomunicacio.com\/ca\/producto\/maquina-asseca-pistes\/","title":{"rendered":"M\u00e0quina asseca pistes"},"content":{"rendered":"","protected":false},"excerpt":{"rendered":"<p>Tambor absorbent amb revestiment d&#8217;escuma de goma.<\/p>\n<ul>\n<li>Estructura i cos del tambor, galvanitzat en calent.<\/li>\n<li>Gr\u00e0cies a la gran capacitat absorbent d&#8217;aquest corr\u00f3, \u00e9s possible assecar la pista en un per\u00edode de temps molt curt.<\/li>\n<\/ul>\n<p>Amplada de treball 80 cm.<\/p>\n","protected":false},"featured_media":3490,"comment_status":"closed","ping_status":"closed","template":"","meta":{"_acf_changed":false},"product_brand":[],"product_cat":[215,240,241],"product_tag":[],"class_list":{"0":"post-5817","1":"product","2":"type-product","3":"status-publish","4":"has-post-thumbnail","6":"product_cat-tennis","7":"product_cat-material-manteniment","8":"product_cat-eines","10":"first","11":"instock","12":"purchasable","13":"product-type-simple"},"acf":[],"_links":{"self":[{"href":"https:\/\/greencourt.mgcomunicacio.com\/ca\/wp-json\/wp\/v2\/product\/5817","targetHints":{"allow":["GET"]}}],"collection":[{"href":"https:\/\/greencourt.mgcomunicacio.com\/ca\/wp-json\/wp\/v2\/product"}],"about":[{"href":"https:\/\/greencourt.mgcomunicacio.com\/ca\/wp-json\/wp\/v2\/types\/product"}],"replies":[{"embeddable":true,"href":"https:\/\/greencourt.mgcomunicacio.com\/ca\/wp-json\/wp\/v2\/comments?post=5817"}],"wp:featuredmedia":[{"embeddable":true,"href":"https:\/\/greencourt.mgcomunicacio.com\/ca\/wp-json\/wp\/v2\/media\/3490"}],"wp:attachment":[{"href":"https:\/\/greencourt.mgcomunicacio.com\/ca\/wp-json\/wp\/v2\/media?parent=5817"}],"wp:term":[{"taxonomy":"product_brand","embeddable":true,"href":"https:\/\/greencourt.mgcomunicacio.com\/ca\/wp-json\/wp\/v2\/product_brand?post=5817"},{"taxonomy":"product_cat","embeddable":true,"href":"https:\/\/greencourt.mgcomunicacio.com\/ca\/wp-json\/wp\/v2\/product_cat?post=5817"},{"taxonomy":"product_tag","embeddable":true,"href":"https:\/\/greencourt.mgcomunicacio.com\/ca\/wp-json\/wp\/v2\/product_tag?post=5817"}],"curies":[{"name":"wp","href":"https:\/\/api.w.org\/{rel}","templated":true}]}}