{"id":5828,"date":"2025-10-31T15:59:59","date_gmt":"2025-10-31T15:59:59","guid":{"rendered":"https:\/\/greencourt.mgcomunicacio.com\/producto\/llancapilotes-tennis-twist-28-pilotes\/"},"modified":"2025-10-31T15:59:59","modified_gmt":"2025-10-31T14:59:59","slug":"llancapilotes-tennis-twist-28-pilotes","status":"publish","type":"product","link":"https:\/\/greencourt.mgcomunicacio.com\/ca\/producto\/llancapilotes-tennis-twist-28-pilotes\/","title":{"rendered":"Llan\u00e7apilotes tennis Twist 28 pilotes"},"content":{"rendered":"","protected":false},"excerpt":{"rendered":"<ul>\n<li>Especialment dissenyat per a infants i principiants. El Tennis Twist es pot utilitzar en clubs i escoles, aix\u00ed com en jardins, entrades i fins i tot soterranis. La m\u00e0quina \u00e9s molt f\u00e0cil d&#8217;utilitzar &#8211; nom\u00e9s cal engegar-la i dispara una pilota cada cinc segons. L&#8217;arc de la pilota es pot ajustar en qualsevol lloc d&#8217;aproximadament 3 &#8211; 6 metres.    <\/li>\n<\/ul>\n<p>Dades t\u00e8cniques:<\/p>\n<p>Capacitat de pilotes: 28 pilotes<\/p>\n<p>Dimensions (AxAxP): 50 x 20 x 20 cm<\/p>\n<p>Pes: 5 kg<\/p>\n<p>Energia: bateria<\/p>\n<p>Temps de joc: 5-6 hores<\/p>\n<p>Interval d&#8217;alimentaci\u00f3: 5 seg.<\/p>\n<p>Velocitat m\u00e0xima: 15 km\/h<\/p>\n<p>Vol de la pilota: recte<\/p>\n<p>L\u00ednies-direccions: 1 direcci\u00f3<\/p>\n<p>Gir de pilota: no<\/p>\n<p>Caixa: pl\u00e0stic<\/p>\n<p>Control remot: sense interruptor d&#8217;encesa i apagada<\/p>\n","protected":false},"featured_media":3126,"comment_status":"closed","ping_status":"open","template":"","meta":{"_acf_changed":false},"product_brand":[],"product_cat":[215,250],"product_tag":[],"class_list":{"0":"post-5828","1":"product","2":"type-product","3":"status-publish","4":"has-post-thumbnail","6":"product_cat-tennis","7":"product_cat-accessoris","9":"first","10":"instock","11":"purchasable","12":"product-type-simple"},"acf":[],"_links":{"self":[{"href":"https:\/\/greencourt.mgcomunicacio.com\/ca\/wp-json\/wp\/v2\/product\/5828","targetHints":{"allow":["GET"]}}],"collection":[{"href":"https:\/\/greencourt.mgcomunicacio.com\/ca\/wp-json\/wp\/v2\/product"}],"about":[{"href":"https:\/\/greencourt.mgcomunicacio.com\/ca\/wp-json\/wp\/v2\/types\/product"}],"replies":[{"embeddable":true,"href":"https:\/\/greencourt.mgcomunicacio.com\/ca\/wp-json\/wp\/v2\/comments?post=5828"}],"wp:featuredmedia":[{"embeddable":true,"href":"https:\/\/greencourt.mgcomunicacio.com\/ca\/wp-json\/wp\/v2\/media\/3126"}],"wp:attachment":[{"href":"https:\/\/greencourt.mgcomunicacio.com\/ca\/wp-json\/wp\/v2\/media?parent=5828"}],"wp:term":[{"taxonomy":"product_brand","embeddable":true,"href":"https:\/\/greencourt.mgcomunicacio.com\/ca\/wp-json\/wp\/v2\/product_brand?post=5828"},{"taxonomy":"product_cat","embeddable":true,"href":"https:\/\/greencourt.mgcomunicacio.com\/ca\/wp-json\/wp\/v2\/product_cat?post=5828"},{"taxonomy":"product_tag","embeddable":true,"href":"https:\/\/greencourt.mgcomunicacio.com\/ca\/wp-json\/wp\/v2\/product_tag?post=5828"}],"curies":[{"name":"wp","href":"https:\/\/api.w.org\/{rel}","templated":true}]}}