{"id":5844,"date":"2025-10-31T15:59:59","date_gmt":"2025-10-31T15:59:59","guid":{"rendered":"https:\/\/greencourt.mgcomunicacio.com\/producto\/tracadora-de-linies-striper\/"},"modified":"2025-10-31T15:59:59","modified_gmt":"2025-10-31T14:59:59","slug":"tracadora-de-linies-striper","status":"publish","type":"product","link":"https:\/\/greencourt.mgcomunicacio.com\/ca\/producto\/tracadora-de-linies-striper\/","title":{"rendered":"Tra\u00e7adora de l\u00ednies STRIPER"},"content":{"rendered":"","protected":false},"excerpt":{"rendered":"<p>Tra\u00e7adora per a l\u00ednies de precisi\u00f3, especial per a tra\u00e7ats sobre gespa artificial i herba natural.<\/p>\n<p>Sense manteniment.<\/p>\n<p>No Necessita Manteniment ni Neteja<\/p>\n<p>Empunyadura ergon\u00f2mica.<\/p>\n<p>Gallet de posada en marxa confortable<\/p>\n<p>Regulaci\u00f3 de l&#8217;amplada de tra\u00e7at: 3 a 10 cm.<\/p>\n<p>El suport on es col\u00b7loca l&#8217;aerosol est\u00e0 refor\u00e7at<\/p>\n<p>El para-vent assegura un tra\u00e7at perfecte<\/p>\n<p>Xass\u00eds met\u00e0l\u00b7lic refor\u00e7at molt resistent.<\/p>\n<p>Suport lateral per al tra\u00e7at a la vora de palets, de m\u00e0quines, de parets etc.<\/p>\n<p>Compartiment porta-aerosol per a una disponibilitat r\u00e0pida de pintura<\/p>\n<p>Inclou cordill tra\u00e7ador i pot de blau<\/p>\n","protected":false},"featured_media":3116,"comment_status":"closed","ping_status":"open","template":"","meta":{"_acf_changed":false},"product_brand":[],"product_cat":[215,240,248],"product_tag":[],"class_list":{"0":"post-5844","1":"product","2":"type-product","3":"status-publish","4":"has-post-thumbnail","6":"product_cat-tennis","7":"product_cat-material-manteniment","8":"product_cat-linies","10":"first","11":"instock","12":"purchasable","13":"product-type-simple"},"acf":[],"_links":{"self":[{"href":"https:\/\/greencourt.mgcomunicacio.com\/ca\/wp-json\/wp\/v2\/product\/5844","targetHints":{"allow":["GET"]}}],"collection":[{"href":"https:\/\/greencourt.mgcomunicacio.com\/ca\/wp-json\/wp\/v2\/product"}],"about":[{"href":"https:\/\/greencourt.mgcomunicacio.com\/ca\/wp-json\/wp\/v2\/types\/product"}],"replies":[{"embeddable":true,"href":"https:\/\/greencourt.mgcomunicacio.com\/ca\/wp-json\/wp\/v2\/comments?post=5844"}],"wp:featuredmedia":[{"embeddable":true,"href":"https:\/\/greencourt.mgcomunicacio.com\/ca\/wp-json\/wp\/v2\/media\/3116"}],"wp:attachment":[{"href":"https:\/\/greencourt.mgcomunicacio.com\/ca\/wp-json\/wp\/v2\/media?parent=5844"}],"wp:term":[{"taxonomy":"product_brand","embeddable":true,"href":"https:\/\/greencourt.mgcomunicacio.com\/ca\/wp-json\/wp\/v2\/product_brand?post=5844"},{"taxonomy":"product_cat","embeddable":true,"href":"https:\/\/greencourt.mgcomunicacio.com\/ca\/wp-json\/wp\/v2\/product_cat?post=5844"},{"taxonomy":"product_tag","embeddable":true,"href":"https:\/\/greencourt.mgcomunicacio.com\/ca\/wp-json\/wp\/v2\/product_tag?post=5844"}],"curies":[{"name":"wp","href":"https:\/\/api.w.org\/{rel}","templated":true}]}}