{"id":5937,"date":"2025-10-31T16:00:05","date_gmt":"2025-10-31T16:00:05","guid":{"rendered":"https:\/\/greencourt.mgcomunicacio.com\/producto\/recollidor-de-pilotes-k-max\/"},"modified":"2025-10-31T16:00:05","modified_gmt":"2025-10-31T15:00:05","slug":"recollidor-de-pilotes-k-max","status":"publish","type":"product","link":"https:\/\/greencourt.mgcomunicacio.com\/ca\/producto\/recollidor-de-pilotes-k-max\/","title":{"rendered":"Recollidor de pilotes K-MAX"},"content":{"rendered":"<p><iframe loading=\"lazy\" width=\"560\" height=\"315\" src=\"https:\/\/www.youtube.com\/embed\/6leayvezins\" frameborder=\"0\" allow=\"accelerometer; autoplay; encrypted-media; gyroscope; picture-in-picture\" allowfullscreen=\"\"><\/iframe><\/p>\n","protected":false},"excerpt":{"rendered":"<ul>\n<li>El nou K-MAX \u00e9s el recollidor de pilotes m\u00e9s r\u00e0pid. Simplement feu girar el bombo, recolliu i buideu-les a la cistella de pilotes utilitzant el mecanisme d&#8217;obertura. <\/li>\n<\/ul>\n<p>Pes: 3 kg.<\/p>\n<p>Incl\u00f2s el m\u00e0nec d&#8217;alumini amb dispositiu per penjar.<\/p>\n<ul>\n<li>Capacitat aproximada: 60 pilotes.<\/li>\n<\/ul>\n","protected":false},"featured_media":3140,"comment_status":"closed","ping_status":"open","template":"","meta":{"_acf_changed":false},"product_brand":[],"product_cat":[215,250],"product_tag":[],"class_list":{"0":"post-5937","1":"product","2":"type-product","3":"status-publish","4":"has-post-thumbnail","6":"product_cat-tennis","7":"product_cat-accessoris","9":"first","10":"instock","11":"purchasable","12":"product-type-simple"},"acf":[],"_links":{"self":[{"href":"https:\/\/greencourt.mgcomunicacio.com\/ca\/wp-json\/wp\/v2\/product\/5937","targetHints":{"allow":["GET"]}}],"collection":[{"href":"https:\/\/greencourt.mgcomunicacio.com\/ca\/wp-json\/wp\/v2\/product"}],"about":[{"href":"https:\/\/greencourt.mgcomunicacio.com\/ca\/wp-json\/wp\/v2\/types\/product"}],"replies":[{"embeddable":true,"href":"https:\/\/greencourt.mgcomunicacio.com\/ca\/wp-json\/wp\/v2\/comments?post=5937"}],"wp:featuredmedia":[{"embeddable":true,"href":"https:\/\/greencourt.mgcomunicacio.com\/ca\/wp-json\/wp\/v2\/media\/3140"}],"wp:attachment":[{"href":"https:\/\/greencourt.mgcomunicacio.com\/ca\/wp-json\/wp\/v2\/media?parent=5937"}],"wp:term":[{"taxonomy":"product_brand","embeddable":true,"href":"https:\/\/greencourt.mgcomunicacio.com\/ca\/wp-json\/wp\/v2\/product_brand?post=5937"},{"taxonomy":"product_cat","embeddable":true,"href":"https:\/\/greencourt.mgcomunicacio.com\/ca\/wp-json\/wp\/v2\/product_cat?post=5937"},{"taxonomy":"product_tag","embeddable":true,"href":"https:\/\/greencourt.mgcomunicacio.com\/ca\/wp-json\/wp\/v2\/product_tag?post=5937"}],"curies":[{"name":"wp","href":"https:\/\/api.w.org\/{rel}","templated":true}]}}