{"id":5940,"date":"2025-10-31T16:00:05","date_gmt":"2025-10-31T16:00:05","guid":{"rendered":"https:\/\/greencourt.mgcomunicacio.com\/producto\/llancapilotes-tennis-tudor-plus-150-pilotes\/"},"modified":"2025-10-31T16:00:05","modified_gmt":"2025-10-31T15:00:05","slug":"llancapilotes-tennis-tudor-plus-150-pilotes","status":"publish","type":"product","link":"https:\/\/greencourt.mgcomunicacio.com\/ca\/producto\/llancapilotes-tennis-tudor-plus-150-pilotes\/","title":{"rendered":"Llan\u00e7apilotes tennis Tudor Plus 150 pilotes"},"content":{"rendered":"","protected":false},"excerpt":{"rendered":"<ul>\n<li>La m\u00e0quina llan\u00e7apilotes Tennis Tutor PLUS funciona amb bateria.<\/li>\n<\/ul>\n<p>\u00c9s port\u00e0til com una maleta.<\/p>\n<p>La velocitat de la pilota \u00e9s ajustable des d&#8217;una pilota de llan\u00e7ament lleuger per a principiants, fins a una bola d&#8217;alta velocitat per a jugadors avan\u00e7ats.<\/p>\n<p>La traject\u00f2ria es pot establir entre la xarxa i el fons, seq\u00fc\u00e8ncia de pilota regular i angle de dispersi\u00f3 arbitrari.<\/p>\n<p>Dades t\u00e8cniques:<\/p>\n<p>Capacitat de bola: 150 boles<\/p>\n<p>Dimensions (AxAmxP): 51 x 50 x 50 cm<\/p>\n<p>Pes: 21,6 kg<\/p>\n<p>Connexi\u00f3 d&#8217;alimentaci\u00f3: Funcionament de la bateria (corrent de c\u00e0rrega 230 V)<\/p>\n<p>Temps de joc: 4-6 hores<\/p>\n<p>Temps de rec\u00e0rrega: 12 hores<\/p>\n<p>Interval d&#8217;alimentaci\u00f3: 1,5-10 seg.<\/p>\n<p>Velocitat m\u00e0xima: 136 km\/h<\/p>\n<p>Traject\u00f2ria: curta &#8211; llarga ajustable<\/p>\n<p>Tipus de pilota: Gir Superior, Girar, Pla, Tallar<\/p>\n<p>Angle de dispersi\u00f3: 1 direcci\u00f3 i aleatori<\/p>\n<p>Material: pl\u00e0stic<\/p>\n<p>Control remot: s\u00ed, enc\u00e8s\/apagat<\/p>\n","protected":false},"featured_media":3146,"comment_status":"closed","ping_status":"open","template":"","meta":{"_acf_changed":false},"product_brand":[],"product_cat":[215,250],"product_tag":[],"class_list":{"0":"post-5940","1":"product","2":"type-product","3":"status-publish","4":"has-post-thumbnail","6":"product_cat-tennis","7":"product_cat-accessoris","9":"first","10":"instock","11":"purchasable","12":"product-type-simple"},"acf":[],"_links":{"self":[{"href":"https:\/\/greencourt.mgcomunicacio.com\/ca\/wp-json\/wp\/v2\/product\/5940","targetHints":{"allow":["GET"]}}],"collection":[{"href":"https:\/\/greencourt.mgcomunicacio.com\/ca\/wp-json\/wp\/v2\/product"}],"about":[{"href":"https:\/\/greencourt.mgcomunicacio.com\/ca\/wp-json\/wp\/v2\/types\/product"}],"replies":[{"embeddable":true,"href":"https:\/\/greencourt.mgcomunicacio.com\/ca\/wp-json\/wp\/v2\/comments?post=5940"}],"wp:featuredmedia":[{"embeddable":true,"href":"https:\/\/greencourt.mgcomunicacio.com\/ca\/wp-json\/wp\/v2\/media\/3146"}],"wp:attachment":[{"href":"https:\/\/greencourt.mgcomunicacio.com\/ca\/wp-json\/wp\/v2\/media?parent=5940"}],"wp:term":[{"taxonomy":"product_brand","embeddable":true,"href":"https:\/\/greencourt.mgcomunicacio.com\/ca\/wp-json\/wp\/v2\/product_brand?post=5940"},{"taxonomy":"product_cat","embeddable":true,"href":"https:\/\/greencourt.mgcomunicacio.com\/ca\/wp-json\/wp\/v2\/product_cat?post=5940"},{"taxonomy":"product_tag","embeddable":true,"href":"https:\/\/greencourt.mgcomunicacio.com\/ca\/wp-json\/wp\/v2\/product_tag?post=5940"}],"curies":[{"name":"wp","href":"https:\/\/api.w.org\/{rel}","templated":true}]}}