{"id":5943,"date":"2025-10-31T16:00:05","date_gmt":"2025-10-31T16:00:05","guid":{"rendered":"https:\/\/greencourt.mgcomunicacio.com\/producto\/llancapelotes-tennis-tudor-prolite-125-pilotes\/"},"modified":"2025-10-31T16:00:05","modified_gmt":"2025-10-31T15:00:05","slug":"llancapelotes-tennis-tudor-prolite-125-pilotes","status":"publish","type":"product","link":"https:\/\/greencourt.mgcomunicacio.com\/ca\/producto\/llancapelotes-tennis-tudor-prolite-125-pilotes\/","title":{"rendered":"Llan\u00e7apelotes tennis Tudor ProLite 125 pilotes"},"content":{"rendered":"","protected":false},"excerpt":{"rendered":"<ul>\n<li>L&#8217;\u00e0mplia gamma de velocitats fa d&#8217;aquesta m\u00e0quina una excel\u00b7lent opci\u00f3 per a tots els principiants. A causa de la petita mida i el pes lleuger, es pot emmagatzemar f\u00e0cilment i cap en gaireb\u00e9 tots els maleters del cotxe. Una bona opci\u00f3 per a classes esportives a les escoles, aix\u00ed com per a \u00fas privat.  <\/li>\n<\/ul>\n<p>La traject\u00f2ria de la pilota \u00e9s ajustable manualment, amb els polsadors. L&#8217;oscil\u00b7lador llan\u00e7a trets a l&#8217;atzar a trav\u00e9s de la pista. <\/p>\n<p>Dades t\u00e8cniques:<\/p>\n<p>Capacitat de la pilota: 125 pilotes<\/p>\n<p>Dimensions: (HxWxD): tancat 31 x 50 x 46 cm<\/p>\n<p>Pes: 13 kg<\/p>\n<p>Alimentaci\u00f3: bateria<\/p>\n<p>Temps de joc: 2 &#8211; 3 hores<\/p>\n<p>Temps de rec\u00e0rrega: 12 hores<\/p>\n<p>Interval d&#8217;alimentaci\u00f3: 1,5-10 seg.<\/p>\n<p>Velocitat m\u00e0xima: 96 km\/h<\/p>\n<p>Line-directions: 1 direcci\u00f3 i aleat\u00f2ria<\/p>\n<p>Gir de pilota: no<\/p>\n<p>Caixa: pl\u00e0stic<\/p>\n<p>Comandament a dist\u00e0ncia: no : interruptor d&#8217;encesa i apagat<\/p>\n","protected":false},"featured_media":3144,"comment_status":"closed","ping_status":"open","template":"","meta":{"_acf_changed":false},"product_brand":[],"product_cat":[215,250],"product_tag":[],"class_list":{"0":"post-5943","1":"product","2":"type-product","3":"status-publish","4":"has-post-thumbnail","6":"product_cat-tennis","7":"product_cat-accessoris","9":"first","10":"instock","11":"purchasable","12":"product-type-simple"},"acf":[],"_links":{"self":[{"href":"https:\/\/greencourt.mgcomunicacio.com\/ca\/wp-json\/wp\/v2\/product\/5943","targetHints":{"allow":["GET"]}}],"collection":[{"href":"https:\/\/greencourt.mgcomunicacio.com\/ca\/wp-json\/wp\/v2\/product"}],"about":[{"href":"https:\/\/greencourt.mgcomunicacio.com\/ca\/wp-json\/wp\/v2\/types\/product"}],"replies":[{"embeddable":true,"href":"https:\/\/greencourt.mgcomunicacio.com\/ca\/wp-json\/wp\/v2\/comments?post=5943"}],"wp:featuredmedia":[{"embeddable":true,"href":"https:\/\/greencourt.mgcomunicacio.com\/ca\/wp-json\/wp\/v2\/media\/3144"}],"wp:attachment":[{"href":"https:\/\/greencourt.mgcomunicacio.com\/ca\/wp-json\/wp\/v2\/media?parent=5943"}],"wp:term":[{"taxonomy":"product_brand","embeddable":true,"href":"https:\/\/greencourt.mgcomunicacio.com\/ca\/wp-json\/wp\/v2\/product_brand?post=5943"},{"taxonomy":"product_cat","embeddable":true,"href":"https:\/\/greencourt.mgcomunicacio.com\/ca\/wp-json\/wp\/v2\/product_cat?post=5943"},{"taxonomy":"product_tag","embeddable":true,"href":"https:\/\/greencourt.mgcomunicacio.com\/ca\/wp-json\/wp\/v2\/product_tag?post=5943"}],"curies":[{"name":"wp","href":"https:\/\/api.w.org\/{rel}","templated":true}]}}