{"id":5945,"date":"2025-10-31T16:00:05","date_gmt":"2025-10-31T16:00:05","guid":{"rendered":"https:\/\/greencourt.mgcomunicacio.com\/producto\/carro-recull-pilotes-clax-trolley\/"},"modified":"2025-10-31T16:00:05","modified_gmt":"2025-10-31T15:00:05","slug":"carro-recull-pilotes-clax-trolley","status":"publish","type":"product","link":"https:\/\/greencourt.mgcomunicacio.com\/ca\/producto\/carro-recull-pilotes-clax-trolley\/","title":{"rendered":"Carro recull pilotes Clax Trolley"},"content":{"rendered":"<p><iframe loading=\"lazy\" src=\"https:\/\/www.youtube.com\/embed\/ozboqusf12s\" width=\"560\" height=\"315\" frameborder=\"0\" allowfullscreen=\"allowfullscreen\"><\/iframe><\/p>\n","protected":false},"excerpt":{"rendered":"<p>Fabricat amb alumini i pl\u00e0stics d&#8217;alta qualitat, sens dubte el m\u00e9s fort i durador del mercat. Es mou sense esfor\u00e7 gr\u00e0cies a les seves rodes i s&#8217;activa el seu fre de velocitat, nom\u00e9s prement un bot\u00f3. S&#8217;inclou una caixa plegable de 46 litres per a aproximadament 120 pilotes. Tamb\u00e9 es poden utilitzar caixes comercials de 32 o 46 litres. Les caixes es poden transportar a la part superior, i al prestatge inferior.    <\/p>\n<p><strong>Detalls t\u00e8cnics<\/strong><\/p>\n<ul>\n<li>Capacitat de c\u00e0rrega fins a 20 kg.<\/li>\n<li>Capacitat de c\u00e0rrega inferior a 40 kg.<\/li>\n<li>Dimensions: 55 x 103 x 89 cm<\/li>\n<li>Plegat: 55 x 71 x 18 cm<\/li>\n<li>Mida de la cistella: 60 x 34 x 26 cm<\/li>\n<li>Capacitat: 120 pilotes.<\/li>\n<li>Pes: 10 kg.<\/li>\n<li>Venda de cistelles de recanvi.<\/li>\n<\/ul>\n","protected":false},"featured_media":3142,"comment_status":"closed","ping_status":"closed","template":"","meta":{"_acf_changed":false},"product_brand":[],"product_cat":[215,250],"product_tag":[],"class_list":{"0":"post-5945","1":"product","2":"type-product","3":"status-publish","4":"has-post-thumbnail","6":"product_cat-tennis","7":"product_cat-accessoris","9":"first","10":"instock","11":"purchasable","12":"product-type-simple"},"acf":[],"_links":{"self":[{"href":"https:\/\/greencourt.mgcomunicacio.com\/ca\/wp-json\/wp\/v2\/product\/5945","targetHints":{"allow":["GET"]}}],"collection":[{"href":"https:\/\/greencourt.mgcomunicacio.com\/ca\/wp-json\/wp\/v2\/product"}],"about":[{"href":"https:\/\/greencourt.mgcomunicacio.com\/ca\/wp-json\/wp\/v2\/types\/product"}],"replies":[{"embeddable":true,"href":"https:\/\/greencourt.mgcomunicacio.com\/ca\/wp-json\/wp\/v2\/comments?post=5945"}],"wp:featuredmedia":[{"embeddable":true,"href":"https:\/\/greencourt.mgcomunicacio.com\/ca\/wp-json\/wp\/v2\/media\/3142"}],"wp:attachment":[{"href":"https:\/\/greencourt.mgcomunicacio.com\/ca\/wp-json\/wp\/v2\/media?parent=5945"}],"wp:term":[{"taxonomy":"product_brand","embeddable":true,"href":"https:\/\/greencourt.mgcomunicacio.com\/ca\/wp-json\/wp\/v2\/product_brand?post=5945"},{"taxonomy":"product_cat","embeddable":true,"href":"https:\/\/greencourt.mgcomunicacio.com\/ca\/wp-json\/wp\/v2\/product_cat?post=5945"},{"taxonomy":"product_tag","embeddable":true,"href":"https:\/\/greencourt.mgcomunicacio.com\/ca\/wp-json\/wp\/v2\/product_tag?post=5945"}],"curies":[{"name":"wp","href":"https:\/\/api.w.org\/{rel}","templated":true}]}}