{"id":5958,"date":"2025-10-31T16:00:12","date_gmt":"2025-10-31T16:00:12","guid":{"rendered":"https:\/\/greencourt.mgcomunicacio.com\/producto\/proteccions-per-a-portes-de-padel\/"},"modified":"2025-10-31T16:00:12","modified_gmt":"2025-10-31T15:00:12","slug":"proteccions-per-a-portes-de-padel","status":"publish","type":"product","link":"https:\/\/greencourt.mgcomunicacio.com\/ca\/producto\/proteccions-per-a-portes-de-padel\/","title":{"rendered":"Proteccions per a portes de p\u00e0del"},"content":{"rendered":"","protected":false},"excerpt":{"rendered":"<p>El sistema de subjecci\u00f3 es realitza amb velcro, un sistema senzill i r\u00e0pid que permet col\u00b7locar o retirar les proteccions r\u00e0pidament i sense esfor\u00e7.<\/p>\n<ul>\n<li>Es poden fabricar, segons les seves necessitats, per protegir cada peculiaritat de la pista, des d&#8217;aletes de refor\u00e7 als pals de xarxa, aletes de refor\u00e7 a les portes o fins i tot pals de xarxa que van fins al pal superior de la porta.<\/li>\n<\/ul>\n<p>Es pot posar la publicitat molt f\u00e0cilment.<\/p>\n<p>Kit b\u00e0sic de dues entrades + dues proteccions de pal de xarxa<\/p>\n","protected":false},"featured_media":3256,"comment_status":"closed","ping_status":"closed","template":"","meta":{"_acf_changed":false},"product_brand":[],"product_cat":[221,280],"product_tag":[],"class_list":{"0":"post-5958","1":"product","2":"type-product","3":"status-publish","4":"has-post-thumbnail","6":"product_cat-padel","7":"product_cat-accessoris-2","9":"first","10":"instock","11":"purchasable","12":"product-type-simple"},"acf":[],"_links":{"self":[{"href":"https:\/\/greencourt.mgcomunicacio.com\/ca\/wp-json\/wp\/v2\/product\/5958","targetHints":{"allow":["GET"]}}],"collection":[{"href":"https:\/\/greencourt.mgcomunicacio.com\/ca\/wp-json\/wp\/v2\/product"}],"about":[{"href":"https:\/\/greencourt.mgcomunicacio.com\/ca\/wp-json\/wp\/v2\/types\/product"}],"replies":[{"embeddable":true,"href":"https:\/\/greencourt.mgcomunicacio.com\/ca\/wp-json\/wp\/v2\/comments?post=5958"}],"wp:featuredmedia":[{"embeddable":true,"href":"https:\/\/greencourt.mgcomunicacio.com\/ca\/wp-json\/wp\/v2\/media\/3256"}],"wp:attachment":[{"href":"https:\/\/greencourt.mgcomunicacio.com\/ca\/wp-json\/wp\/v2\/media?parent=5958"}],"wp:term":[{"taxonomy":"product_brand","embeddable":true,"href":"https:\/\/greencourt.mgcomunicacio.com\/ca\/wp-json\/wp\/v2\/product_brand?post=5958"},{"taxonomy":"product_cat","embeddable":true,"href":"https:\/\/greencourt.mgcomunicacio.com\/ca\/wp-json\/wp\/v2\/product_cat?post=5958"},{"taxonomy":"product_tag","embeddable":true,"href":"https:\/\/greencourt.mgcomunicacio.com\/ca\/wp-json\/wp\/v2\/product_tag?post=5958"}],"curies":[{"name":"wp","href":"https:\/\/api.w.org\/{rel}","templated":true}]}}