{"id":5978,"date":"2025-10-31T16:00:25","date_gmt":"2025-10-31T16:00:25","guid":{"rendered":"https:\/\/greencourt.mgcomunicacio.com\/producto\/joc-de-pals-de-voleibol-metallics-fixos-regulables-a-tennis\/"},"modified":"2025-10-31T16:00:25","modified_gmt":"2025-10-31T15:00:25","slug":"joc-de-pals-de-voleibol-metallics-fixos-regulables-a-tennis","status":"publish","type":"product","link":"https:\/\/greencourt.mgcomunicacio.com\/ca\/producto\/joc-de-pals-de-voleibol-metallics-fixos-regulables-a-tennis\/","title":{"rendered":"Joc de pals de voleibol met\u00e0l\u00b7lics fixos regulables a tennis"},"content":{"rendered":"","protected":false},"excerpt":{"rendered":"<p>Pals fabricats en acer de secci\u00f3 rodona de 80 mm, dissenyats per ancorar al terra<\/p>\n<p>mitjan\u00e7ant pots met\u00e0l\u00b7lics -no inclosos-. Inclou carraqueta tensora per poder tensar el cable de la xarxa que es vulgui col\u00b7locar, a <\/p>\n<p>la part superior porten el sistema regulador d&#8217;altura de xarxa, que permet jugar a voleibol en les seves diferents categories i per<\/p>\n<p>\u00faltim la part inferior est\u00e0 prove\u00efda dels corresponents enganxaments per a la pr\u00e0ctica de tennis. Mesures dels pals: <\/p>\n<p>280cm<\/p>\n","protected":false},"featured_media":3321,"comment_status":"closed","ping_status":"open","template":"","meta":{"_acf_changed":false},"product_brand":[],"product_cat":[217,261],"product_tag":[],"class_list":{"0":"post-5978","1":"product","2":"type-product","3":"status-publish","4":"has-post-thumbnail","6":"product_cat-altres-esports","7":"product_cat-voleibol","9":"first","10":"instock","11":"purchasable","12":"product-type-simple"},"acf":[],"_links":{"self":[{"href":"https:\/\/greencourt.mgcomunicacio.com\/ca\/wp-json\/wp\/v2\/product\/5978","targetHints":{"allow":["GET"]}}],"collection":[{"href":"https:\/\/greencourt.mgcomunicacio.com\/ca\/wp-json\/wp\/v2\/product"}],"about":[{"href":"https:\/\/greencourt.mgcomunicacio.com\/ca\/wp-json\/wp\/v2\/types\/product"}],"replies":[{"embeddable":true,"href":"https:\/\/greencourt.mgcomunicacio.com\/ca\/wp-json\/wp\/v2\/comments?post=5978"}],"wp:featuredmedia":[{"embeddable":true,"href":"https:\/\/greencourt.mgcomunicacio.com\/ca\/wp-json\/wp\/v2\/media\/3321"}],"wp:attachment":[{"href":"https:\/\/greencourt.mgcomunicacio.com\/ca\/wp-json\/wp\/v2\/media?parent=5978"}],"wp:term":[{"taxonomy":"product_brand","embeddable":true,"href":"https:\/\/greencourt.mgcomunicacio.com\/ca\/wp-json\/wp\/v2\/product_brand?post=5978"},{"taxonomy":"product_cat","embeddable":true,"href":"https:\/\/greencourt.mgcomunicacio.com\/ca\/wp-json\/wp\/v2\/product_cat?post=5978"},{"taxonomy":"product_tag","embeddable":true,"href":"https:\/\/greencourt.mgcomunicacio.com\/ca\/wp-json\/wp\/v2\/product_tag?post=5978"}],"curies":[{"name":"wp","href":"https:\/\/api.w.org\/{rel}","templated":true}]}}