{"id":5983,"date":"2025-10-31T16:00:25","date_gmt":"2025-10-31T16:00:25","guid":{"rendered":"https:\/\/greencourt.mgcomunicacio.com\/producto\/banc-neobarcino-diverses-mides\/"},"modified":"2025-10-31T16:00:25","modified_gmt":"2025-10-31T15:00:25","slug":"banc-neobarcino-diverses-mides","status":"publish","type":"product","link":"https:\/\/greencourt.mgcomunicacio.com\/ca\/producto\/banc-neobarcino-diverses-mides\/","title":{"rendered":"Banc NeoBarcino &#8211; Diverses mides"},"content":{"rendered":"","protected":false},"excerpt":{"rendered":"<p>Sobri i elegant, el banc Neobarcino \u00e9s un dels productes m\u00e9s sol\u00b7licitats de la gamma de mobiliari urb\u00e0 de BENITO URBAN.<\/p>\n<p>Existeix la possibilitat d&#8217;adquirir el Banc Neobarcino amb fusta FSC, que prov\u00e9 de tales controlades o en fusta t\u00e8cnica.<\/p>\n<p>Afegim la possibilitat de personalitzar el Banc Neobarcino amb un marcatge permanent que identifica el Mobiliari Urb\u00e0 del vostre municipi.<\/p>\n<p>L&#8217;ORIGINAL PORTA TRES CAPES DE PINTURA I UN TRACTAMENT PROTECTOR A LA CORROSI\u00d3.<\/p>\n<p>El NEOBARCINO \u00e9s un banc fabricat amb peus de fosa d\u00factil tractat amb Ferrus, un proc\u00e9s protector del ferro, que garanteix una<\/p>\n<p>\u00f2ptima resist\u00e8ncia a la corrosi\u00f3. El tractament Ferrus es compon de tres capes que s&#8217;apliquen despr\u00e9s de netejar tota la brut\u00edcia i les <\/p>\n<p>impureses mitjan\u00e7ant granallat i consisteix en un bany electrol\u00edtic, seguit d&#8217;una capa d&#8217;imprimaci\u00f3 epoxi i un \u00faltim recobriment de<\/p>\n<p>pintura poli\u00e8ster en pols color gris martel\u00e9.<\/p>\n<p>Els sis taulons de fusta tropical van tractats amb el recobriment de triple capa Lignus, protector fungicida, insecticida i hidr\u00f2fug.<\/p>\n<p>Tota la cargoleria \u00e9s d&#8217;acer inoxidable.<\/p>\n<p>Ancoratge recomanat: Mitjan\u00e7ant perns d&#8217;expansi\u00f3 M10 segons superf\u00edcie i projecte.<\/p>\n","protected":false},"featured_media":3343,"comment_status":"closed","ping_status":"open","template":"","meta":{"_acf_changed":false},"product_brand":[],"product_cat":[236,237],"product_tag":[],"class_list":{"0":"post-5983","1":"product","2":"type-product","3":"status-publish","4":"has-post-thumbnail","6":"product_cat-mobiliari","7":"product_cat-mobiliari-urba","9":"first","10":"instock","11":"purchasable","12":"product-type-simple"},"acf":[],"_links":{"self":[{"href":"https:\/\/greencourt.mgcomunicacio.com\/ca\/wp-json\/wp\/v2\/product\/5983","targetHints":{"allow":["GET"]}}],"collection":[{"href":"https:\/\/greencourt.mgcomunicacio.com\/ca\/wp-json\/wp\/v2\/product"}],"about":[{"href":"https:\/\/greencourt.mgcomunicacio.com\/ca\/wp-json\/wp\/v2\/types\/product"}],"replies":[{"embeddable":true,"href":"https:\/\/greencourt.mgcomunicacio.com\/ca\/wp-json\/wp\/v2\/comments?post=5983"}],"wp:featuredmedia":[{"embeddable":true,"href":"https:\/\/greencourt.mgcomunicacio.com\/ca\/wp-json\/wp\/v2\/media\/3343"}],"wp:attachment":[{"href":"https:\/\/greencourt.mgcomunicacio.com\/ca\/wp-json\/wp\/v2\/media?parent=5983"}],"wp:term":[{"taxonomy":"product_brand","embeddable":true,"href":"https:\/\/greencourt.mgcomunicacio.com\/ca\/wp-json\/wp\/v2\/product_brand?post=5983"},{"taxonomy":"product_cat","embeddable":true,"href":"https:\/\/greencourt.mgcomunicacio.com\/ca\/wp-json\/wp\/v2\/product_cat?post=5983"},{"taxonomy":"product_tag","embeddable":true,"href":"https:\/\/greencourt.mgcomunicacio.com\/ca\/wp-json\/wp\/v2\/product_tag?post=5983"}],"curies":[{"name":"wp","href":"https:\/\/api.w.org\/{rel}","templated":true}]}}