{"id":5988,"date":"2025-10-31T16:00:25","date_gmt":"2025-10-31T16:00:25","guid":{"rendered":"https:\/\/greencourt.mgcomunicacio.com\/producto\/banc-oslo-diverses-mides\/"},"modified":"2025-10-31T16:00:25","modified_gmt":"2025-10-31T15:00:25","slug":"banc-oslo-diverses-mides","status":"publish","type":"product","link":"https:\/\/greencourt.mgcomunicacio.com\/ca\/producto\/banc-oslo-diverses-mides\/","title":{"rendered":"Banc Oslo &#8211; Diverses mides"},"content":{"rendered":"","protected":false},"excerpt":{"rendered":"<ul>\n<li>El banc Oslo est\u00e0 fabricat amb peus de fosa d\u00factil amb tractament Ferrus per tractar la corrosi\u00f3. Recobriment amb pintura poli\u00e8ster en pols color Marson. <\/li>\n<li>Els cinc taulons de fusta tropical van tractats amb el recobriment de triple capa Lignus, protector fungicida, insecticida i hidrofugant.<\/li>\n<\/ul>\n<p>Tota la cargoleria \u00e9s d&#8217;acer inoxidable.<br \/>\nAncoratge recomanat: Mitjan\u00e7ant perns d&#8217;expansi\u00f3 M10 segons superf\u00edcie i projecte.<\/p>\n","protected":false},"featured_media":3341,"comment_status":"closed","ping_status":"open","template":"","meta":{"_acf_changed":false},"product_brand":[],"product_cat":[236,237],"product_tag":[],"class_list":{"0":"post-5988","1":"product","2":"type-product","3":"status-publish","4":"has-post-thumbnail","6":"product_cat-mobiliari","7":"product_cat-mobiliari-urba","9":"first","10":"instock","11":"purchasable","12":"product-type-simple"},"acf":[],"_links":{"self":[{"href":"https:\/\/greencourt.mgcomunicacio.com\/ca\/wp-json\/wp\/v2\/product\/5988","targetHints":{"allow":["GET"]}}],"collection":[{"href":"https:\/\/greencourt.mgcomunicacio.com\/ca\/wp-json\/wp\/v2\/product"}],"about":[{"href":"https:\/\/greencourt.mgcomunicacio.com\/ca\/wp-json\/wp\/v2\/types\/product"}],"replies":[{"embeddable":true,"href":"https:\/\/greencourt.mgcomunicacio.com\/ca\/wp-json\/wp\/v2\/comments?post=5988"}],"wp:featuredmedia":[{"embeddable":true,"href":"https:\/\/greencourt.mgcomunicacio.com\/ca\/wp-json\/wp\/v2\/media\/3341"}],"wp:attachment":[{"href":"https:\/\/greencourt.mgcomunicacio.com\/ca\/wp-json\/wp\/v2\/media?parent=5988"}],"wp:term":[{"taxonomy":"product_brand","embeddable":true,"href":"https:\/\/greencourt.mgcomunicacio.com\/ca\/wp-json\/wp\/v2\/product_brand?post=5988"},{"taxonomy":"product_cat","embeddable":true,"href":"https:\/\/greencourt.mgcomunicacio.com\/ca\/wp-json\/wp\/v2\/product_cat?post=5988"},{"taxonomy":"product_tag","embeddable":true,"href":"https:\/\/greencourt.mgcomunicacio.com\/ca\/wp-json\/wp\/v2\/product_tag?post=5988"}],"curies":[{"name":"wp","href":"https:\/\/api.w.org\/{rel}","templated":true}]}}