{"id":6013,"date":"2025-10-31T16:00:25","date_gmt":"2025-10-31T16:00:25","guid":{"rendered":"https:\/\/greencourt.mgcomunicacio.com\/producto\/paperera-circular-metallica-60-l\/"},"modified":"2025-10-31T16:00:25","modified_gmt":"2025-10-31T15:00:25","slug":"paperera-circular-metallica-60-l","status":"publish","type":"product","link":"https:\/\/greencourt.mgcomunicacio.com\/ca\/producto\/paperera-circular-metallica-60-l\/","title":{"rendered":"Paperera circular met\u00e0l\u00b7lica 60 l"},"content":{"rendered":"","protected":false},"excerpt":{"rendered":"<ul>\n<li>Paperera circular BENITO, paperera fabricada amb cubeta abatible d&#8217;acer, amb dues franges de forats reservant un espai central per a m\u00e9s robustesa o possibles marcatges. Acabat amb tractament Ferrus, proc\u00e9s protector del ferro que garanteix una resist\u00e8ncia \u00f2ptima a la corrosi\u00f3. <\/li>\n<\/ul>\n<p>Mesures 885xD370m<\/p>\n<p>Cubeta abatible, amb bloqueig de seguretat.<\/p>\n<p>Peus refor\u00e7ats.<\/p>\n<p>Planxa d&#8217;acer zincat i electrosoldat per immersi\u00f3.<\/p>\n<p>Pintada en gris RAL 7011<\/p>\n","protected":false},"featured_media":3333,"comment_status":"closed","ping_status":"open","template":"","meta":{"_acf_changed":false},"product_brand":[],"product_cat":[236,237],"product_tag":[],"class_list":{"0":"post-6013","1":"product","2":"type-product","3":"status-publish","4":"has-post-thumbnail","6":"product_cat-mobiliari","7":"product_cat-mobiliari-urba","9":"first","10":"instock","11":"purchasable","12":"product-type-simple"},"acf":[],"_links":{"self":[{"href":"https:\/\/greencourt.mgcomunicacio.com\/ca\/wp-json\/wp\/v2\/product\/6013","targetHints":{"allow":["GET"]}}],"collection":[{"href":"https:\/\/greencourt.mgcomunicacio.com\/ca\/wp-json\/wp\/v2\/product"}],"about":[{"href":"https:\/\/greencourt.mgcomunicacio.com\/ca\/wp-json\/wp\/v2\/types\/product"}],"replies":[{"embeddable":true,"href":"https:\/\/greencourt.mgcomunicacio.com\/ca\/wp-json\/wp\/v2\/comments?post=6013"}],"wp:featuredmedia":[{"embeddable":true,"href":"https:\/\/greencourt.mgcomunicacio.com\/ca\/wp-json\/wp\/v2\/media\/3333"}],"wp:attachment":[{"href":"https:\/\/greencourt.mgcomunicacio.com\/ca\/wp-json\/wp\/v2\/media?parent=6013"}],"wp:term":[{"taxonomy":"product_brand","embeddable":true,"href":"https:\/\/greencourt.mgcomunicacio.com\/ca\/wp-json\/wp\/v2\/product_brand?post=6013"},{"taxonomy":"product_cat","embeddable":true,"href":"https:\/\/greencourt.mgcomunicacio.com\/ca\/wp-json\/wp\/v2\/product_cat?post=6013"},{"taxonomy":"product_tag","embeddable":true,"href":"https:\/\/greencourt.mgcomunicacio.com\/ca\/wp-json\/wp\/v2\/product_tag?post=6013"}],"curies":[{"name":"wp","href":"https:\/\/api.w.org\/{rel}","templated":true}]}}