{"id":6026,"date":"2025-10-31T16:00:31","date_gmt":"2025-10-31T16:00:31","guid":{"rendered":"https:\/\/greencourt.mgcomunicacio.com\/producto\/xarxa-futbol-5\/"},"modified":"2025-10-31T16:00:31","modified_gmt":"2025-10-31T15:00:31","slug":"xarxa-futbol-5","status":"publish","type":"product","link":"https:\/\/greencourt.mgcomunicacio.com\/ca\/producto\/xarxa-futbol-5\/","title":{"rendered":"Xarxa futbol 5"},"content":{"rendered":"","protected":false},"excerpt":{"rendered":"<p>Joc de xarxes per a porteries en polipropil\u00e8 d&#8217;alta tenacitat, poliamida i poli\u00e8ster. Compleixen amb les exig\u00e8ncies de la normativa aplicable a cada esport. Instal\u00b7laci\u00f3 r\u00e0pida i senzilla. Gran varietat en gruixos, malles i colors. Gran resist\u00e8ncia a la tracci\u00f3 i resistent als raigs UV.    <\/p>\n<p>* S&#8217;adjunta cat\u00e0leg &#8211; Sol\u00b7liciteu pressupost.<\/p>\n","protected":false},"featured_media":3378,"comment_status":"closed","ping_status":"open","template":"","meta":{"_acf_changed":false},"product_brand":[],"product_cat":[230,231],"product_tag":[],"class_list":{"0":"post-6026","1":"product","2":"type-product","3":"status-publish","4":"has-post-thumbnail","6":"product_cat-futbol","7":"product_cat-xarxes-de-futbol","9":"first","10":"instock","11":"purchasable","12":"product-type-simple"},"acf":[],"_links":{"self":[{"href":"https:\/\/greencourt.mgcomunicacio.com\/ca\/wp-json\/wp\/v2\/product\/6026","targetHints":{"allow":["GET"]}}],"collection":[{"href":"https:\/\/greencourt.mgcomunicacio.com\/ca\/wp-json\/wp\/v2\/product"}],"about":[{"href":"https:\/\/greencourt.mgcomunicacio.com\/ca\/wp-json\/wp\/v2\/types\/product"}],"replies":[{"embeddable":true,"href":"https:\/\/greencourt.mgcomunicacio.com\/ca\/wp-json\/wp\/v2\/comments?post=6026"}],"wp:featuredmedia":[{"embeddable":true,"href":"https:\/\/greencourt.mgcomunicacio.com\/ca\/wp-json\/wp\/v2\/media\/3378"}],"wp:attachment":[{"href":"https:\/\/greencourt.mgcomunicacio.com\/ca\/wp-json\/wp\/v2\/media?parent=6026"}],"wp:term":[{"taxonomy":"product_brand","embeddable":true,"href":"https:\/\/greencourt.mgcomunicacio.com\/ca\/wp-json\/wp\/v2\/product_brand?post=6026"},{"taxonomy":"product_cat","embeddable":true,"href":"https:\/\/greencourt.mgcomunicacio.com\/ca\/wp-json\/wp\/v2\/product_cat?post=6026"},{"taxonomy":"product_tag","embeddable":true,"href":"https:\/\/greencourt.mgcomunicacio.com\/ca\/wp-json\/wp\/v2\/product_tag?post=6026"}],"curies":[{"name":"wp","href":"https:\/\/api.w.org\/{rel}","templated":true}]}}