{"id":6077,"date":"2025-10-31T15:59:35","date_gmt":"2025-10-31T15:59:35","guid":{"rendered":"https:\/\/greencourt.mgcomunicacio.com\/producto\/kit-joc-tennis-infantil-bimbi-6m\/"},"modified":"2025-10-31T15:59:35","modified_gmt":"2025-10-31T14:59:35","slug":"kit-joc-tennis-infantil-bimbi-6m","status":"publish","type":"product","link":"https:\/\/greencourt.mgcomunicacio.com\/ca\/producto\/kit-joc-tennis-infantil-bimbi-6m\/","title":{"rendered":"Kit joc tennis infantil Bimbi 6m"},"content":{"rendered":"","protected":false},"excerpt":{"rendered":"<p>El sistema de xarxa es pot configurar i desmuntar molt r\u00e0pidament utilitzant un pr\u00e0ctic sistema de connexi\u00f3.<\/p>\n<p>La xarxa simplement es col\u00b7loca sobre els dos suports.<\/p>\n<p>Tensi\u00f3 de xarxa ajustable a 5 mides.<\/p>\n<p>S&#8217;adjunta bossa d&#8217;emmagatzematge.<\/p>\n<p>Mida: 6.10mx 0.85m<\/p>\n","protected":false},"featured_media":2935,"comment_status":"closed","ping_status":"closed","template":"","meta":{"_acf_changed":false},"product_brand":[],"product_cat":[215,269],"product_tag":[],"class_list":{"0":"post-6077","1":"product","2":"type-product","3":"status-publish","4":"has-post-thumbnail","6":"product_cat-tennis","7":"product_cat-pals-de-xarxes","9":"first","10":"instock","11":"purchasable","12":"product-type-simple"},"acf":[],"_links":{"self":[{"href":"https:\/\/greencourt.mgcomunicacio.com\/ca\/wp-json\/wp\/v2\/product\/6077","targetHints":{"allow":["GET"]}}],"collection":[{"href":"https:\/\/greencourt.mgcomunicacio.com\/ca\/wp-json\/wp\/v2\/product"}],"about":[{"href":"https:\/\/greencourt.mgcomunicacio.com\/ca\/wp-json\/wp\/v2\/types\/product"}],"replies":[{"embeddable":true,"href":"https:\/\/greencourt.mgcomunicacio.com\/ca\/wp-json\/wp\/v2\/comments?post=6077"}],"wp:featuredmedia":[{"embeddable":true,"href":"https:\/\/greencourt.mgcomunicacio.com\/ca\/wp-json\/wp\/v2\/media\/2935"}],"wp:attachment":[{"href":"https:\/\/greencourt.mgcomunicacio.com\/ca\/wp-json\/wp\/v2\/media?parent=6077"}],"wp:term":[{"taxonomy":"product_brand","embeddable":true,"href":"https:\/\/greencourt.mgcomunicacio.com\/ca\/wp-json\/wp\/v2\/product_brand?post=6077"},{"taxonomy":"product_cat","embeddable":true,"href":"https:\/\/greencourt.mgcomunicacio.com\/ca\/wp-json\/wp\/v2\/product_cat?post=6077"},{"taxonomy":"product_tag","embeddable":true,"href":"https:\/\/greencourt.mgcomunicacio.com\/ca\/wp-json\/wp\/v2\/product_tag?post=6077"}],"curies":[{"name":"wp","href":"https:\/\/api.w.org\/{rel}","templated":true}]}}