{"id":6097,"date":"2025-10-31T15:59:35","date_gmt":"2025-10-31T15:59:35","guid":{"rendered":"https:\/\/greencourt.mgcomunicacio.com\/producto\/pals-de-tennis-rodons-d-83-color\/"},"modified":"2025-10-31T15:59:35","modified_gmt":"2025-10-31T14:59:35","slug":"pals-de-tennis-rodons-d-83-color","status":"publish","type":"product","link":"https:\/\/greencourt.mgcomunicacio.com\/ca\/producto\/pals-de-tennis-rodons-d-83-color\/","title":{"rendered":"Pals de tennis rodons D\/83 color"},"content":{"rendered":"","protected":false},"excerpt":{"rendered":"<p>Joc de pals de tennis rodons \u00f8 83 mm.<\/p>\n<p>Color: Verd, blanc i negre<\/p>\n<ul>\n<li>Perfil especial d&#8217;alumini de gruix de paret de 3,5 mm, amb refor\u00e7 intern i ranura per subjectar la vareta de retenci\u00f3 de xarxa. Mecanisme de tensi\u00f3 trapezo\u00efdal intern amb clau d&#8217;alumini per tensar f\u00e0cilment la xarxa de tennis.<\/li>\n<\/ul>\n<p>Tapa d&#8217;alumini fos endollable amb cadena de seguretat.<\/p>\n<p>Longitud total dels pals 142 cm.<\/p>\n<p>Pes 10.5 kg.<\/p>\n<p>Beines d&#8217;ancoratge NO INCLOSES<\/p>\n","protected":false},"featured_media":2914,"comment_status":"closed","ping_status":"closed","template":"","meta":{"_acf_changed":false},"product_brand":[],"product_cat":[215,269],"product_tag":[],"class_list":{"0":"post-6097","1":"product","2":"type-product","3":"status-publish","4":"has-post-thumbnail","6":"product_cat-tennis","7":"product_cat-pals-de-xarxes","9":"first","10":"instock","11":"purchasable","12":"product-type-simple"},"acf":[],"_links":{"self":[{"href":"https:\/\/greencourt.mgcomunicacio.com\/ca\/wp-json\/wp\/v2\/product\/6097","targetHints":{"allow":["GET"]}}],"collection":[{"href":"https:\/\/greencourt.mgcomunicacio.com\/ca\/wp-json\/wp\/v2\/product"}],"about":[{"href":"https:\/\/greencourt.mgcomunicacio.com\/ca\/wp-json\/wp\/v2\/types\/product"}],"replies":[{"embeddable":true,"href":"https:\/\/greencourt.mgcomunicacio.com\/ca\/wp-json\/wp\/v2\/comments?post=6097"}],"wp:featuredmedia":[{"embeddable":true,"href":"https:\/\/greencourt.mgcomunicacio.com\/ca\/wp-json\/wp\/v2\/media\/2914"}],"wp:attachment":[{"href":"https:\/\/greencourt.mgcomunicacio.com\/ca\/wp-json\/wp\/v2\/media?parent=6097"}],"wp:term":[{"taxonomy":"product_brand","embeddable":true,"href":"https:\/\/greencourt.mgcomunicacio.com\/ca\/wp-json\/wp\/v2\/product_brand?post=6097"},{"taxonomy":"product_cat","embeddable":true,"href":"https:\/\/greencourt.mgcomunicacio.com\/ca\/wp-json\/wp\/v2\/product_cat?post=6097"},{"taxonomy":"product_tag","embeddable":true,"href":"https:\/\/greencourt.mgcomunicacio.com\/ca\/wp-json\/wp\/v2\/product_tag?post=6097"}],"curies":[{"name":"wp","href":"https:\/\/api.w.org\/{rel}","templated":true}]}}