{"id":6115,"date":"2025-10-31T15:59:41","date_gmt":"2025-10-31T15:59:41","guid":{"rendered":"https:\/\/greencourt.mgcomunicacio.com\/producto\/multieina-motocultor-honda-fj500-dlx\/"},"modified":"2025-10-31T15:59:41","modified_gmt":"2025-10-31T14:59:41","slug":"multieina-motocultor-honda-fj500-dlx","status":"publish","type":"product","link":"https:\/\/greencourt.mgcomunicacio.com\/ca\/producto\/multieina-motocultor-honda-fj500-dlx\/","title":{"rendered":"Multieina &#8211; Motocultor HONDA FJ500 DLX"},"content":{"rendered":"<p><iframe loading=\"lazy\" width=\"560\" height=\"315\" src=\"https:\/\/www.youtube.com\/embed\/cft126dasiy\" frameborder=\"0\" allow=\"accelerometer; autoplay; encrypted-media; gyroscope; picture-in-picture\" allowfullscreen=\"\"><\/iframe><\/p>\n","protected":false},"excerpt":{"rendered":"<ul>\n<li>El tractor multi\u00fas est\u00e0 dissenyat per mantenir la pista en perfectes condicions gr\u00e0cies a la seva varietat d&#8217;accessoris i a la seva mida, que ens permet una gran mobilitat entre pistes.<\/li>\n<\/ul>\n<p>Al multicultor Honda FJ DLX sense aixada, mitjan\u00e7ant un enganxament s&#8217;adapta a les seg\u00fcents eines:<\/p>\n<ul>\n<li>Rodes de banda llisa en tractor i remolc.<\/li>\n<li>Fresa<\/li>\n<li>Raspador dentat<\/li>\n<li>Raspador de goma<\/li>\n<li>Raspall rascador met\u00e0l\u00b7lic<\/li>\n<li>Rulo d&#8217;aigua regulable.<\/li>\n<li>Remolc per a transport.<\/li>\n<\/ul>\n","protected":false},"featured_media":3007,"comment_status":"closed","ping_status":"open","template":"","meta":{"_acf_changed":false},"product_brand":[],"product_cat":[215,275,284],"product_tag":[],"class_list":{"0":"post-6115","1":"product","2":"type-product","3":"status-publish","4":"has-post-thumbnail","6":"product_cat-tennis","7":"product_cat-maquinaria-de-manteniment-2","8":"product_cat-multieina","10":"first","11":"instock","12":"purchasable","13":"product-type-simple"},"acf":[],"_links":{"self":[{"href":"https:\/\/greencourt.mgcomunicacio.com\/ca\/wp-json\/wp\/v2\/product\/6115","targetHints":{"allow":["GET"]}}],"collection":[{"href":"https:\/\/greencourt.mgcomunicacio.com\/ca\/wp-json\/wp\/v2\/product"}],"about":[{"href":"https:\/\/greencourt.mgcomunicacio.com\/ca\/wp-json\/wp\/v2\/types\/product"}],"replies":[{"embeddable":true,"href":"https:\/\/greencourt.mgcomunicacio.com\/ca\/wp-json\/wp\/v2\/comments?post=6115"}],"wp:featuredmedia":[{"embeddable":true,"href":"https:\/\/greencourt.mgcomunicacio.com\/ca\/wp-json\/wp\/v2\/media\/3007"}],"wp:attachment":[{"href":"https:\/\/greencourt.mgcomunicacio.com\/ca\/wp-json\/wp\/v2\/media?parent=6115"}],"wp:term":[{"taxonomy":"product_brand","embeddable":true,"href":"https:\/\/greencourt.mgcomunicacio.com\/ca\/wp-json\/wp\/v2\/product_brand?post=6115"},{"taxonomy":"product_cat","embeddable":true,"href":"https:\/\/greencourt.mgcomunicacio.com\/ca\/wp-json\/wp\/v2\/product_cat?post=6115"},{"taxonomy":"product_tag","embeddable":true,"href":"https:\/\/greencourt.mgcomunicacio.com\/ca\/wp-json\/wp\/v2\/product_tag?post=6115"}],"curies":[{"name":"wp","href":"https:\/\/api.w.org\/{rel}","templated":true}]}}