{"id":6127,"date":"2025-10-31T15:59:41","date_gmt":"2025-10-31T15:59:41","guid":{"rendered":"https:\/\/greencourt.mgcomunicacio.com\/producto\/maquina-fresadora-usp10\/"},"modified":"2025-10-31T15:59:41","modified_gmt":"2025-10-31T14:59:41","slug":"maquina-fresadora-usp10","status":"publish","type":"product","link":"https:\/\/greencourt.mgcomunicacio.com\/ca\/producto\/maquina-fresadora-usp10\/","title":{"rendered":"M\u00e0quina fresadora USP10"},"content":{"rendered":"<p><iframe loading=\"lazy\" width=\"560\" height=\"315\" src=\"https:\/\/www.youtube.com\/embed\/5n4bfsso1h0?start=22\" frameborder=\"0\" allow=\"accelerometer; autoplay; encrypted-media; gyroscope; picture-in-picture\" allowfullscreen=\"\"><\/iframe><\/p>\n","protected":false},"excerpt":{"rendered":"<ul>\n<li>L&#8217;ajust exacte d&#8217;al\u00e7ada es realitza a m\u00e0 amb 2 papallones, independentment a cada costat, de manera que la profunditat de fresat es pot determinar amb precisi\u00f3 mil\u00b7lim\u00e8trica.<\/li>\n<li>El material fresat s&#8217;expulsa i es pot transportar en carretons amb poc esfor\u00e7.<\/li>\n<\/ul>\n<p>La pot\u00e8ncia del motor Honda de 5.5 hp, assegura que la pala funcioni de manera absolutament uniforme, de manera que les pistes es mantinguin planes o tornin a estar planes.<\/p>\n<ul>\n<li>La part davantera est\u00e0 formada per 2 corrons muntats independentment. Aix\u00f2 distribueix la pressi\u00f3 de manera uniforme perqu\u00e8 amb prou feines s&#8217;enfonsi a la primavera, fins i tot quan es descongela. <\/li>\n<\/ul>\n<p>Rodes posteriors de goma massissa sense perfil, el baix pes fan que el dispositiu sigui extremadament \u00e0gil i m\u00f2bil.<\/p>\n<ul>\n<li>S&#8217;adapta a totes les portes d&#8217;acc\u00e9s i pot ser operat f\u00e0cilment per una sola persona.<\/li>\n<\/ul>\n<p>DETALLS T\u00c8CNICS:<\/p>\n<ul>\n<li>&#8211; Motor: Honda, 4 temps, 4.0 kW \/ 5,5 HP<\/li>\n<\/ul>\n<p>&#8211; Longitud: aprox. 800 mm<\/p>\n<p>&#8211; Amplada: aprox. 850 mm<\/p>\n<p>&#8211; Al\u00e7ada: aprox. 1000 mm<\/p>\n<p>&#8211; Amplada de fresat: aprox. 655 mm<\/p>\n<p>&#8211; Pes: aprox. 75 kg<\/p>\n<p>* Garantia de motor Honda<\/p>\n","protected":false},"featured_media":3003,"comment_status":"closed","ping_status":"open","template":"","meta":{"_acf_changed":false},"product_brand":[],"product_cat":[215,275,286],"product_tag":[],"class_list":{"0":"post-6127","1":"product","2":"type-product","3":"status-publish","4":"has-post-thumbnail","6":"product_cat-tennis","7":"product_cat-maquinaria-de-manteniment-2","8":"product_cat-fresadora","10":"first","11":"instock","12":"purchasable","13":"product-type-simple"},"acf":[],"_links":{"self":[{"href":"https:\/\/greencourt.mgcomunicacio.com\/ca\/wp-json\/wp\/v2\/product\/6127","targetHints":{"allow":["GET"]}}],"collection":[{"href":"https:\/\/greencourt.mgcomunicacio.com\/ca\/wp-json\/wp\/v2\/product"}],"about":[{"href":"https:\/\/greencourt.mgcomunicacio.com\/ca\/wp-json\/wp\/v2\/types\/product"}],"replies":[{"embeddable":true,"href":"https:\/\/greencourt.mgcomunicacio.com\/ca\/wp-json\/wp\/v2\/comments?post=6127"}],"wp:featuredmedia":[{"embeddable":true,"href":"https:\/\/greencourt.mgcomunicacio.com\/ca\/wp-json\/wp\/v2\/media\/3003"}],"wp:attachment":[{"href":"https:\/\/greencourt.mgcomunicacio.com\/ca\/wp-json\/wp\/v2\/media?parent=6127"}],"wp:term":[{"taxonomy":"product_brand","embeddable":true,"href":"https:\/\/greencourt.mgcomunicacio.com\/ca\/wp-json\/wp\/v2\/product_brand?post=6127"},{"taxonomy":"product_cat","embeddable":true,"href":"https:\/\/greencourt.mgcomunicacio.com\/ca\/wp-json\/wp\/v2\/product_cat?post=6127"},{"taxonomy":"product_tag","embeddable":true,"href":"https:\/\/greencourt.mgcomunicacio.com\/ca\/wp-json\/wp\/v2\/product_tag?post=6127"}],"curies":[{"name":"wp","href":"https:\/\/api.w.org\/{rel}","templated":true}]}}