{"id":6140,"date":"2025-10-31T15:59:41","date_gmt":"2025-10-31T15:59:41","guid":{"rendered":"https:\/\/greencourt.mgcomunicacio.com\/producto\/cadires-darbitre-royal-deluxe-alumini\/"},"modified":"2025-10-31T15:59:41","modified_gmt":"2025-10-31T14:59:41","slug":"cadires-darbitre-royal-deluxe-alumini","status":"publish","type":"product","link":"https:\/\/greencourt.mgcomunicacio.com\/ca\/producto\/cadires-darbitre-royal-deluxe-alumini\/","title":{"rendered":"Cadires d&#8217;\u00e0rbitre Royal Deluxe alumini"},"content":{"rendered":"","protected":false},"excerpt":{"rendered":"<p>Cadira d&#8217;\u00e0rbitre de qualitat superior d&#8217;alumini, sense pintar.<\/p>\n<ul>\n<li>Graons antilliscants m\u00e9s amples, el suport sortint amb quatre peus, li donen una estabilitat \u00f2ptima.<\/li>\n<\/ul>\n<p>La safata entre els graons de l&#8217;escala proporciona una estabilitat addicional i serveix com a \u00e0rea d&#8217;emmagatzematge.<\/p>\n<p>El suport del seient tamb\u00e9 t\u00e9 un refor\u00e7 creuat darrere del seient de pl\u00e0stic, resistent als raigs UV.<\/p>\n<p>S&#8217;inclou un tauler d&#8217;escriptura de pl\u00e0stic plegable.<\/p>\n<ul>\n<li>Altura del seient 1855 mm &#8211; projecci\u00f3 1505 mm &#8211; amplada davantera 760 mm<\/li>\n<\/ul>\n","protected":false},"featured_media":2992,"comment_status":"closed","ping_status":"closed","template":"","meta":{"_acf_changed":false},"product_brand":[],"product_cat":[215,273],"product_tag":[],"class_list":{"0":"post-6140","1":"product","2":"type-product","3":"status-publish","4":"has-post-thumbnail","6":"product_cat-tennis","7":"product_cat-cadires-darbitre","9":"first","10":"instock","11":"purchasable","12":"product-type-simple"},"acf":[],"_links":{"self":[{"href":"https:\/\/greencourt.mgcomunicacio.com\/ca\/wp-json\/wp\/v2\/product\/6140","targetHints":{"allow":["GET"]}}],"collection":[{"href":"https:\/\/greencourt.mgcomunicacio.com\/ca\/wp-json\/wp\/v2\/product"}],"about":[{"href":"https:\/\/greencourt.mgcomunicacio.com\/ca\/wp-json\/wp\/v2\/types\/product"}],"replies":[{"embeddable":true,"href":"https:\/\/greencourt.mgcomunicacio.com\/ca\/wp-json\/wp\/v2\/comments?post=6140"}],"wp:featuredmedia":[{"embeddable":true,"href":"https:\/\/greencourt.mgcomunicacio.com\/ca\/wp-json\/wp\/v2\/media\/2992"}],"wp:attachment":[{"href":"https:\/\/greencourt.mgcomunicacio.com\/ca\/wp-json\/wp\/v2\/media?parent=6140"}],"wp:term":[{"taxonomy":"product_brand","embeddable":true,"href":"https:\/\/greencourt.mgcomunicacio.com\/ca\/wp-json\/wp\/v2\/product_brand?post=6140"},{"taxonomy":"product_cat","embeddable":true,"href":"https:\/\/greencourt.mgcomunicacio.com\/ca\/wp-json\/wp\/v2\/product_cat?post=6140"},{"taxonomy":"product_tag","embeddable":true,"href":"https:\/\/greencourt.mgcomunicacio.com\/ca\/wp-json\/wp\/v2\/product_tag?post=6140"}],"curies":[{"name":"wp","href":"https:\/\/api.w.org\/{rel}","templated":true}]}}