{"id":6155,"date":"2025-10-31T15:59:41","date_gmt":"2025-10-31T15:59:41","guid":{"rendered":"https:\/\/greencourt.mgcomunicacio.com\/producto\/malla-docultacio-paravent\/"},"modified":"2025-10-31T15:59:41","modified_gmt":"2025-10-31T14:59:41","slug":"malla-docultacio-paravent","status":"publish","type":"product","link":"https:\/\/greencourt.mgcomunicacio.com\/ca\/producto\/malla-docultacio-paravent\/","title":{"rendered":"Malla d&#8217;ocultaci\u00f3 &#8211; paravent"},"content":{"rendered":"","protected":false},"excerpt":{"rendered":"<p>Malla d&#8217;ombra\/ocultaci\u00f3, proporciona intimitat i protegeix del vent.<br \/>\nDiverses densitats i colors, rotllos de diferents altures i llargades<\/p>\n<p>Produ\u00efda en sistema r\u00e0schel, producte que no es malla, compost de monofilament d&#8217;alta densitat HDPE, i cinta de r\u00e0fia de polietil\u00e8.<\/p>\n<p>Facilita la intimitat en els treballs exteriors.<\/p>\n<p>Es pot adaptar a la mida que es necessiti pel seu f\u00e0cil tall.<\/p>\n<ul>\n<li>Opci\u00f3 de confecci\u00f3 a mida amb ullets.<\/li>\n<\/ul>\n<p>Teixit molt resistent al desfilatxat.<\/p>\n<p>Amb tractament UV per a protecci\u00f3 2 anys.<\/p>\n<p>Malla fabricada a Espanya.<\/p>\n","protected":false},"featured_media":2969,"comment_status":"closed","ping_status":"open","template":"","meta":{"_acf_changed":false},"product_brand":[],"product_cat":[215,271],"product_tag":[],"class_list":{"0":"post-6155","1":"product","2":"type-product","3":"status-publish","4":"has-post-thumbnail","6":"product_cat-tennis","7":"product_cat-xarxes","9":"first","10":"instock","11":"purchasable","12":"product-type-simple"},"acf":[],"_links":{"self":[{"href":"https:\/\/greencourt.mgcomunicacio.com\/ca\/wp-json\/wp\/v2\/product\/6155","targetHints":{"allow":["GET"]}}],"collection":[{"href":"https:\/\/greencourt.mgcomunicacio.com\/ca\/wp-json\/wp\/v2\/product"}],"about":[{"href":"https:\/\/greencourt.mgcomunicacio.com\/ca\/wp-json\/wp\/v2\/types\/product"}],"replies":[{"embeddable":true,"href":"https:\/\/greencourt.mgcomunicacio.com\/ca\/wp-json\/wp\/v2\/comments?post=6155"}],"wp:featuredmedia":[{"embeddable":true,"href":"https:\/\/greencourt.mgcomunicacio.com\/ca\/wp-json\/wp\/v2\/media\/2969"}],"wp:attachment":[{"href":"https:\/\/greencourt.mgcomunicacio.com\/ca\/wp-json\/wp\/v2\/media?parent=6155"}],"wp:term":[{"taxonomy":"product_brand","embeddable":true,"href":"https:\/\/greencourt.mgcomunicacio.com\/ca\/wp-json\/wp\/v2\/product_brand?post=6155"},{"taxonomy":"product_cat","embeddable":true,"href":"https:\/\/greencourt.mgcomunicacio.com\/ca\/wp-json\/wp\/v2\/product_cat?post=6155"},{"taxonomy":"product_tag","embeddable":true,"href":"https:\/\/greencourt.mgcomunicacio.com\/ca\/wp-json\/wp\/v2\/product_tag?post=6155"}],"curies":[{"name":"wp","href":"https:\/\/api.w.org\/{rel}","templated":true}]}}