{"id":6165,"date":"2025-10-31T15:59:47","date_gmt":"2025-10-31T15:59:47","guid":{"rendered":"https:\/\/greencourt.mgcomunicacio.com\/producto\/sistema-de-reg-manual-wet-system\/"},"modified":"2025-10-31T15:59:47","modified_gmt":"2025-10-31T14:59:47","slug":"sistema-de-reg-manual-wet-system","status":"publish","type":"product","link":"https:\/\/greencourt.mgcomunicacio.com\/ca\/producto\/sistema-de-reg-manual-wet-system\/","title":{"rendered":"Sistema de reg manual wet system"},"content":{"rendered":"","protected":false},"excerpt":{"rendered":"<p>Soluci\u00f3 de reg per polsador per a pistes de tennis que humiteja la superf\u00edcie de manera r\u00e0pida i homog\u00e8nia, amb temps i cabal preajustats per evitar embassaments i estalviar aigua. Compatible amb terra batuda i resines, f\u00e0cil d&#8217;instal\u00b7lar i mantenir, amb polsador protegit i reg perimetral per aspersors. Demaneu informaci\u00f3.  <\/p>\n","protected":false},"featured_media":4202,"comment_status":"closed","ping_status":"closed","template":"","meta":{"_acf_changed":false},"product_brand":[],"product_cat":[215,289],"product_tag":[],"class_list":{"0":"post-6165","1":"product","2":"type-product","3":"status-publish","4":"has-post-thumbnail","6":"product_cat-tennis","7":"product_cat-material-de-reg","9":"first","10":"instock","11":"purchasable","12":"product-type-simple"},"acf":[],"_links":{"self":[{"href":"https:\/\/greencourt.mgcomunicacio.com\/ca\/wp-json\/wp\/v2\/product\/6165","targetHints":{"allow":["GET"]}}],"collection":[{"href":"https:\/\/greencourt.mgcomunicacio.com\/ca\/wp-json\/wp\/v2\/product"}],"about":[{"href":"https:\/\/greencourt.mgcomunicacio.com\/ca\/wp-json\/wp\/v2\/types\/product"}],"replies":[{"embeddable":true,"href":"https:\/\/greencourt.mgcomunicacio.com\/ca\/wp-json\/wp\/v2\/comments?post=6165"}],"wp:featuredmedia":[{"embeddable":true,"href":"https:\/\/greencourt.mgcomunicacio.com\/ca\/wp-json\/wp\/v2\/media\/4202"}],"wp:attachment":[{"href":"https:\/\/greencourt.mgcomunicacio.com\/ca\/wp-json\/wp\/v2\/media?parent=6165"}],"wp:term":[{"taxonomy":"product_brand","embeddable":true,"href":"https:\/\/greencourt.mgcomunicacio.com\/ca\/wp-json\/wp\/v2\/product_brand?post=6165"},{"taxonomy":"product_cat","embeddable":true,"href":"https:\/\/greencourt.mgcomunicacio.com\/ca\/wp-json\/wp\/v2\/product_cat?post=6165"},{"taxonomy":"product_tag","embeddable":true,"href":"https:\/\/greencourt.mgcomunicacio.com\/ca\/wp-json\/wp\/v2\/product_tag?post=6165"}],"curies":[{"name":"wp","href":"https:\/\/api.w.org\/{rel}","templated":true}]}}