{"id":6174,"date":"2025-10-31T15:59:47","date_gmt":"2025-10-31T15:59:47","guid":{"rendered":"https:\/\/greencourt.mgcomunicacio.com\/producto\/sistema-de-reg-wifi-lnk-per-a-terra-batuda\/"},"modified":"2025-10-31T15:59:47","modified_gmt":"2025-10-31T14:59:47","slug":"sistema-de-reg-wifi-lnk-per-a-terra-batuda","status":"publish","type":"product","link":"https:\/\/greencourt.mgcomunicacio.com\/ca\/producto\/sistema-de-reg-wifi-lnk-per-a-terra-batuda\/","title":{"rendered":"Sistema de reg wifi lnk per a terra batuda"},"content":{"rendered":"","protected":false},"excerpt":{"rendered":"<p>Controleu el reg de la vostra pista des del m\u00f2bil (Wi-Fi) amb programaci\u00f3 per sectors, temps i cabals ajustables, i opci\u00f3 d&#8217;activaci\u00f3 manual. Cobertura homog\u00e8nia en terra batuda, f\u00e0cil instal\u00b7laci\u00f3 i manteniment. Sol\u00b7liciteu informaci\u00f3. Projectes a mida.   <\/p>\n","protected":false},"featured_media":4203,"comment_status":"closed","ping_status":"closed","template":"","meta":{"_acf_changed":false},"product_brand":[],"product_cat":[215,289],"product_tag":[],"class_list":{"0":"post-6174","1":"product","2":"type-product","3":"status-publish","4":"has-post-thumbnail","6":"product_cat-tennis","7":"product_cat-material-de-reg","9":"first","10":"instock","11":"purchasable","12":"product-type-simple"},"acf":[],"_links":{"self":[{"href":"https:\/\/greencourt.mgcomunicacio.com\/ca\/wp-json\/wp\/v2\/product\/6174","targetHints":{"allow":["GET"]}}],"collection":[{"href":"https:\/\/greencourt.mgcomunicacio.com\/ca\/wp-json\/wp\/v2\/product"}],"about":[{"href":"https:\/\/greencourt.mgcomunicacio.com\/ca\/wp-json\/wp\/v2\/types\/product"}],"replies":[{"embeddable":true,"href":"https:\/\/greencourt.mgcomunicacio.com\/ca\/wp-json\/wp\/v2\/comments?post=6174"}],"wp:featuredmedia":[{"embeddable":true,"href":"https:\/\/greencourt.mgcomunicacio.com\/ca\/wp-json\/wp\/v2\/media\/4203"}],"wp:attachment":[{"href":"https:\/\/greencourt.mgcomunicacio.com\/ca\/wp-json\/wp\/v2\/media?parent=6174"}],"wp:term":[{"taxonomy":"product_brand","embeddable":true,"href":"https:\/\/greencourt.mgcomunicacio.com\/ca\/wp-json\/wp\/v2\/product_brand?post=6174"},{"taxonomy":"product_cat","embeddable":true,"href":"https:\/\/greencourt.mgcomunicacio.com\/ca\/wp-json\/wp\/v2\/product_cat?post=6174"},{"taxonomy":"product_tag","embeddable":true,"href":"https:\/\/greencourt.mgcomunicacio.com\/ca\/wp-json\/wp\/v2\/product_tag?post=6174"}],"curies":[{"name":"wp","href":"https:\/\/api.w.org\/{rel}","templated":true}]}}