{"id":6216,"date":"2025-10-31T15:59:47","date_gmt":"2025-10-31T15:59:47","guid":{"rendered":"https:\/\/greencourt.mgcomunicacio.com\/producto\/multiherramientes-tromber_tenis\/"},"modified":"2025-10-31T15:59:47","modified_gmt":"2025-10-31T14:59:47","slug":"multiherramientes-tromber_tenis","status":"publish","type":"product","link":"https:\/\/greencourt.mgcomunicacio.com\/ca\/producto\/multiherramientes-tromber_tenis\/","title":{"rendered":"Multiherramientes &#8211; TROMBER_TENIS"},"content":{"rendered":"<p><iframe loading=\"lazy\" width=\"560\" height=\"315\" src=\"https:\/\/www.youtube.com\/embed\/aniyyvtuo2u\" frameborder=\"0\" allow=\"accelerometer; autoplay; encrypted-media; gyroscope; picture-in-picture\" allowfullscreen=\"\"><\/iframe><\/p>\n","protected":false},"excerpt":{"rendered":"<p>\u00c9s un pat\u00ed el\u00e8ctric, de dimensions redu\u00efdes, personalitzable,<\/p>\n<p>\u00f2ptim per a la realitzaci\u00f3 del servei de manteniment de pistes<\/p>\n<p>de tennis.<\/p>\n<p>El seu ancoratge posterior permet adaptar les eines seg\u00fcents:<\/p>\n<ul>\n<li>Estora<\/li>\n<li>Raspall ample groc<\/li>\n<li>Raspador dentat<\/li>\n<li>Raspador de goma<\/li>\n<li>Raspall rascador met\u00e0l\u00b7lic<\/li>\n<li>Rulo d&#8217;aigua regulable.<\/li>\n<li>Remolc<\/li>\n<\/ul>\n","protected":false},"featured_media":3020,"comment_status":"closed","ping_status":"open","template":"","meta":{"_acf_changed":false},"product_brand":[],"product_cat":[215,275,276],"product_tag":[],"class_list":{"0":"post-6216","1":"product","2":"type-product","3":"status-publish","4":"has-post-thumbnail","6":"product_cat-tennis","7":"product_cat-maquinaria-de-manteniment-2","8":"product_cat-pati-tromber-i-accessoris","10":"first","11":"instock","12":"purchasable","13":"product-type-simple"},"acf":[],"_links":{"self":[{"href":"https:\/\/greencourt.mgcomunicacio.com\/ca\/wp-json\/wp\/v2\/product\/6216","targetHints":{"allow":["GET"]}}],"collection":[{"href":"https:\/\/greencourt.mgcomunicacio.com\/ca\/wp-json\/wp\/v2\/product"}],"about":[{"href":"https:\/\/greencourt.mgcomunicacio.com\/ca\/wp-json\/wp\/v2\/types\/product"}],"replies":[{"embeddable":true,"href":"https:\/\/greencourt.mgcomunicacio.com\/ca\/wp-json\/wp\/v2\/comments?post=6216"}],"wp:featuredmedia":[{"embeddable":true,"href":"https:\/\/greencourt.mgcomunicacio.com\/ca\/wp-json\/wp\/v2\/media\/3020"}],"wp:attachment":[{"href":"https:\/\/greencourt.mgcomunicacio.com\/ca\/wp-json\/wp\/v2\/media?parent=6216"}],"wp:term":[{"taxonomy":"product_brand","embeddable":true,"href":"https:\/\/greencourt.mgcomunicacio.com\/ca\/wp-json\/wp\/v2\/product_brand?post=6216"},{"taxonomy":"product_cat","embeddable":true,"href":"https:\/\/greencourt.mgcomunicacio.com\/ca\/wp-json\/wp\/v2\/product_cat?post=6216"},{"taxonomy":"product_tag","embeddable":true,"href":"https:\/\/greencourt.mgcomunicacio.com\/ca\/wp-json\/wp\/v2\/product_tag?post=6216"}],"curies":[{"name":"wp","href":"https:\/\/api.w.org\/{rel}","templated":true}]}}