{"id":6223,"date":"2025-10-31T15:59:47","date_gmt":"2025-10-31T15:59:47","guid":{"rendered":"https:\/\/greencourt.mgcomunicacio.com\/producto\/remolc-basculant-amb-enganxament-universal\/"},"modified":"2025-10-31T15:59:47","modified_gmt":"2025-10-31T14:59:47","slug":"remolc-basculant-amb-enganxament-universal","status":"publish","type":"product","link":"https:\/\/greencourt.mgcomunicacio.com\/ca\/producto\/remolc-basculant-amb-enganxament-universal\/","title":{"rendered":"Remolc basculant amb enganxament universal"},"content":{"rendered":"","protected":false},"excerpt":{"rendered":"<ul>\n<li>LATERALS DESMUNTABLES: Els laterals es poden desmuntar completament. La part inferior del lateral est\u00e0 tancada i la part superior s\u00f3n unes plataformes amb reixes. <\/li>\n<li>DADES T\u00c8CNIQUES: remolc de jard\u00ed t\u00e9 les seg\u00fcents dades: Pneum\u00e0tics: 4.00-8 c I Mides generals aprox. (L x P x A): 167 x 80 x 80 &#8211; 108 cm (amb les reixes) I (L x P x A): 110 x 71 x 35 &#8211; 62 cm (sense les reixes) I Pes m\u00e0x. de c\u00e0rrega: 300 kg I Tara: 55kg I Al\u00e7ada dels laterals (sense les plataformes de reixes): 330 mm I Al\u00e7ada dels laterals (amb les plataformes de reixes): 630mm Velocitat m\u00e0xima: 5 km\/h <\/li>\n<li>ENGANXAMENT UNIVERSAL: El remolc compta amb un enganxament universal. L&#8217;enganxament NO \u00c9S de bola, no es tracta d&#8217;un remolc per al tr\u00e0nsit al carrer, sin\u00f3 per a l&#8217;\u00fas per exemple en horts privats, jardins, etc. <\/li>\n<li>IDEAL: El remolc \u00e9s adequat per a terra, fullatge, sorra, grava, estris de jardineria, plantes, flors, caixes petites o mitjanes, etc.<\/li>\n<\/ul>\n<p>AMPLADA total: 167 cm<\/p>\n","protected":false},"featured_media":4575,"comment_status":"closed","ping_status":"closed","template":"","meta":{"_acf_changed":false},"product_brand":[],"product_cat":[215,275,284],"product_tag":[],"class_list":{"0":"post-6223","1":"product","2":"type-product","3":"status-publish","4":"has-post-thumbnail","6":"product_cat-tennis","7":"product_cat-maquinaria-de-manteniment-2","8":"product_cat-multieina","10":"first","11":"instock","12":"purchasable","13":"product-type-simple"},"acf":[],"_links":{"self":[{"href":"https:\/\/greencourt.mgcomunicacio.com\/ca\/wp-json\/wp\/v2\/product\/6223","targetHints":{"allow":["GET"]}}],"collection":[{"href":"https:\/\/greencourt.mgcomunicacio.com\/ca\/wp-json\/wp\/v2\/product"}],"about":[{"href":"https:\/\/greencourt.mgcomunicacio.com\/ca\/wp-json\/wp\/v2\/types\/product"}],"replies":[{"embeddable":true,"href":"https:\/\/greencourt.mgcomunicacio.com\/ca\/wp-json\/wp\/v2\/comments?post=6223"}],"wp:featuredmedia":[{"embeddable":true,"href":"https:\/\/greencourt.mgcomunicacio.com\/ca\/wp-json\/wp\/v2\/media\/4575"}],"wp:attachment":[{"href":"https:\/\/greencourt.mgcomunicacio.com\/ca\/wp-json\/wp\/v2\/media?parent=6223"}],"wp:term":[{"taxonomy":"product_brand","embeddable":true,"href":"https:\/\/greencourt.mgcomunicacio.com\/ca\/wp-json\/wp\/v2\/product_brand?post=6223"},{"taxonomy":"product_cat","embeddable":true,"href":"https:\/\/greencourt.mgcomunicacio.com\/ca\/wp-json\/wp\/v2\/product_cat?post=6223"},{"taxonomy":"product_tag","embeddable":true,"href":"https:\/\/greencourt.mgcomunicacio.com\/ca\/wp-json\/wp\/v2\/product_tag?post=6223"}],"curies":[{"name":"wp","href":"https:\/\/api.w.org\/{rel}","templated":true}]}}