{"id":6252,"date":"2025-10-31T15:59:53","date_gmt":"2025-10-31T15:59:53","guid":{"rendered":"https:\/\/greencourt.mgcomunicacio.com\/producto\/rascador-plastic-goma-doble-professional-haraga\/"},"modified":"2025-10-31T15:59:53","modified_gmt":"2025-10-31T14:59:53","slug":"rascador-plastic-goma-doble-professional-haraga","status":"publish","type":"product","link":"https:\/\/greencourt.mgcomunicacio.com\/ca\/producto\/rascador-plastic-goma-doble-professional-haraga\/","title":{"rendered":"Rascador pl\u00e0stic goma doble professional &#8211; Harag\u00e0"},"content":{"rendered":"","protected":false},"excerpt":{"rendered":"<p>Suport de pl\u00e0stic r\u00edgid.<\/p>\n<p>M\u00e0nec de fusta gallega.<\/p>\n<p>Goma doblegada en forma d&#8217;U.<\/p>\n<p>Amplada de treball: 75cm.<\/p>\n<p>&#8211; Per treure el p\u00e8sol de la pista<\/p>\n<p>&#8211; S&#8217;utilitza per treballar la terra humida.<\/p>\n<p>&#8211; Netejador de vidres de p\u00e0del<\/p>\n","protected":false},"featured_media":3492,"comment_status":"closed","ping_status":"closed","template":"","meta":{"_acf_changed":false},"product_brand":[],"product_cat":[215,240,241],"product_tag":[],"class_list":{"0":"post-6252","1":"product","2":"type-product","3":"status-publish","4":"has-post-thumbnail","6":"product_cat-tennis","7":"product_cat-material-manteniment","8":"product_cat-eines","10":"first","11":"instock","12":"purchasable","13":"product-type-simple"},"acf":[],"_links":{"self":[{"href":"https:\/\/greencourt.mgcomunicacio.com\/ca\/wp-json\/wp\/v2\/product\/6252","targetHints":{"allow":["GET"]}}],"collection":[{"href":"https:\/\/greencourt.mgcomunicacio.com\/ca\/wp-json\/wp\/v2\/product"}],"about":[{"href":"https:\/\/greencourt.mgcomunicacio.com\/ca\/wp-json\/wp\/v2\/types\/product"}],"replies":[{"embeddable":true,"href":"https:\/\/greencourt.mgcomunicacio.com\/ca\/wp-json\/wp\/v2\/comments?post=6252"}],"wp:featuredmedia":[{"embeddable":true,"href":"https:\/\/greencourt.mgcomunicacio.com\/ca\/wp-json\/wp\/v2\/media\/3492"}],"wp:attachment":[{"href":"https:\/\/greencourt.mgcomunicacio.com\/ca\/wp-json\/wp\/v2\/media?parent=6252"}],"wp:term":[{"taxonomy":"product_brand","embeddable":true,"href":"https:\/\/greencourt.mgcomunicacio.com\/ca\/wp-json\/wp\/v2\/product_brand?post=6252"},{"taxonomy":"product_cat","embeddable":true,"href":"https:\/\/greencourt.mgcomunicacio.com\/ca\/wp-json\/wp\/v2\/product_cat?post=6252"},{"taxonomy":"product_tag","embeddable":true,"href":"https:\/\/greencourt.mgcomunicacio.com\/ca\/wp-json\/wp\/v2\/product_tag?post=6252"}],"curies":[{"name":"wp","href":"https:\/\/api.w.org\/{rel}","templated":true}]}}