{"id":6270,"date":"2025-10-31T15:59:59","date_gmt":"2025-10-31T15:59:59","guid":{"rendered":"https:\/\/greencourt.mgcomunicacio.com\/producto\/netejador-de-calcat-amb-reixeta\/"},"modified":"2025-10-31T15:59:59","modified_gmt":"2025-10-31T14:59:59","slug":"netejador-de-calcat-amb-reixeta","status":"publish","type":"product","link":"https:\/\/greencourt.mgcomunicacio.com\/ca\/producto\/netejador-de-calcat-amb-reixeta\/","title":{"rendered":"Netejador de cal\u00e7at amb reixeta"},"content":{"rendered":"","protected":false},"excerpt":{"rendered":"<p>Netejador de cal\u00e7at fabricat en acer galvanitzat amb raspalls d&#8217;alta qualitat.<\/p>\n<p>Reixeta i marc resistents a la intemp\u00e8rie, aquest netejador de sabates garanteix un suport \u00f2ptim en qualsevol camp esportiu. Ja sigui en tennis amb la terra batuda o gr\u00e0nuls de goma o amb la s\u00edlice del p\u00e0del. <\/p>\n<ul>\n<li>El netejador assegura que la brut\u00edcia quedi a la reixeta, a trav\u00e9s de les cerres laterals i inferiors que s&#8217;ajusten al cal\u00e7at. D&#8217;aquesta manera, podeu eliminar de manera \u00f2ptima tots els residus i arribar de forma segura fins al vestidor. <\/li>\n<\/ul>\n<p>Els raspalls s\u00f3n reempla\u00e7ables, d&#8217;alta qualitat i molt duradors.<\/p>\n<p>Caracter\u00edstiques t\u00e8cniques:<\/p>\n<p>Mida: 495 x 295 x 180 cm<\/p>\n<p>Nombre de raspalls: 3<\/p>\n<p>Espaiament interior dels raspalls: aprox. 9 cm <\/p>\n<p>Al\u00e7ada dels raspalls: aprox. 8 cm <\/p>\n","protected":false},"featured_media":3134,"comment_status":"closed","ping_status":"open","template":"","meta":{"_acf_changed":false},"product_brand":[],"product_cat":[215,250],"product_tag":[],"class_list":{"0":"post-6270","1":"product","2":"type-product","3":"status-publish","4":"has-post-thumbnail","6":"product_cat-tennis","7":"product_cat-accessoris","9":"first","10":"instock","11":"purchasable","12":"product-type-simple"},"acf":[],"_links":{"self":[{"href":"https:\/\/greencourt.mgcomunicacio.com\/ca\/wp-json\/wp\/v2\/product\/6270","targetHints":{"allow":["GET"]}}],"collection":[{"href":"https:\/\/greencourt.mgcomunicacio.com\/ca\/wp-json\/wp\/v2\/product"}],"about":[{"href":"https:\/\/greencourt.mgcomunicacio.com\/ca\/wp-json\/wp\/v2\/types\/product"}],"replies":[{"embeddable":true,"href":"https:\/\/greencourt.mgcomunicacio.com\/ca\/wp-json\/wp\/v2\/comments?post=6270"}],"wp:featuredmedia":[{"embeddable":true,"href":"https:\/\/greencourt.mgcomunicacio.com\/ca\/wp-json\/wp\/v2\/media\/3134"}],"wp:attachment":[{"href":"https:\/\/greencourt.mgcomunicacio.com\/ca\/wp-json\/wp\/v2\/media?parent=6270"}],"wp:term":[{"taxonomy":"product_brand","embeddable":true,"href":"https:\/\/greencourt.mgcomunicacio.com\/ca\/wp-json\/wp\/v2\/product_brand?post=6270"},{"taxonomy":"product_cat","embeddable":true,"href":"https:\/\/greencourt.mgcomunicacio.com\/ca\/wp-json\/wp\/v2\/product_cat?post=6270"},{"taxonomy":"product_tag","embeddable":true,"href":"https:\/\/greencourt.mgcomunicacio.com\/ca\/wp-json\/wp\/v2\/product_tag?post=6270"}],"curies":[{"name":"wp","href":"https:\/\/api.w.org\/{rel}","templated":true}]}}