{"id":6280,"date":"2025-10-31T15:59:59","date_gmt":"2025-10-31T15:59:59","guid":{"rendered":"https:\/\/greencourt.mgcomunicacio.com\/producto\/paperera-pilota-50cm\/"},"modified":"2025-10-31T15:59:59","modified_gmt":"2025-10-31T14:59:59","slug":"paperera-pilota-50cm","status":"publish","type":"product","link":"https:\/\/greencourt.mgcomunicacio.com\/ca\/producto\/paperera-pilota-50cm\/","title":{"rendered":"Paperera pilota 50cm."},"content":{"rendered":"","protected":false},"excerpt":{"rendered":"<p>Paperera amb forma de pilota de tennis, \u00d850cm aprox. <\/p>\n<ul>\n<li>Fabricada en pl\u00e0stic especial d&#8217;alta qualitat.<\/li>\n<li>Absolutament estable als raigs UV i resistent a la intemp\u00e8rie.<\/li>\n<\/ul>\n<p>Bisagres i material de fixaci\u00f3 d&#8217;acer inoxidable.<\/p>\n<ul>\n<li>Paperera de PVC extra\u00efble amb bossa d&#8217;escombraries est\u00e0ndard.<\/li>\n<\/ul>\n<p>Tapa plegable.<\/p>\n<ul>\n<li>Dos corretges de fixaci\u00f3 r\u00e0pida per a muntatge en m\u00e0stils, baranes o parets.<\/li>\n<\/ul>\n","protected":false},"featured_media":3131,"comment_status":"closed","ping_status":"closed","template":"","meta":{"_acf_changed":false},"product_brand":[],"product_cat":[215,250,236,246],"product_tag":[],"class_list":{"0":"post-6280","1":"product","2":"type-product","3":"status-publish","4":"has-post-thumbnail","6":"product_cat-tennis","7":"product_cat-accessoris","8":"product_cat-mobiliari","9":"product_cat-mobiliari-esportiu","11":"first","12":"instock","13":"purchasable","14":"product-type-simple"},"acf":[],"_links":{"self":[{"href":"https:\/\/greencourt.mgcomunicacio.com\/ca\/wp-json\/wp\/v2\/product\/6280","targetHints":{"allow":["GET"]}}],"collection":[{"href":"https:\/\/greencourt.mgcomunicacio.com\/ca\/wp-json\/wp\/v2\/product"}],"about":[{"href":"https:\/\/greencourt.mgcomunicacio.com\/ca\/wp-json\/wp\/v2\/types\/product"}],"replies":[{"embeddable":true,"href":"https:\/\/greencourt.mgcomunicacio.com\/ca\/wp-json\/wp\/v2\/comments?post=6280"}],"wp:featuredmedia":[{"embeddable":true,"href":"https:\/\/greencourt.mgcomunicacio.com\/ca\/wp-json\/wp\/v2\/media\/3131"}],"wp:attachment":[{"href":"https:\/\/greencourt.mgcomunicacio.com\/ca\/wp-json\/wp\/v2\/media?parent=6280"}],"wp:term":[{"taxonomy":"product_brand","embeddable":true,"href":"https:\/\/greencourt.mgcomunicacio.com\/ca\/wp-json\/wp\/v2\/product_brand?post=6280"},{"taxonomy":"product_cat","embeddable":true,"href":"https:\/\/greencourt.mgcomunicacio.com\/ca\/wp-json\/wp\/v2\/product_cat?post=6280"},{"taxonomy":"product_tag","embeddable":true,"href":"https:\/\/greencourt.mgcomunicacio.com\/ca\/wp-json\/wp\/v2\/product_tag?post=6280"}],"curies":[{"name":"wp","href":"https:\/\/api.w.org\/{rel}","templated":true}]}}