{"id":5297,"date":"2025-05-22T08:11:38","date_gmt":"2025-05-22T06:11:38","guid":{"rendered":"https:\/\/greencourt.mgcomunicacio.com\/greencourt\/who-we-are\/"},"modified":"2025-12-04T12:51:48","modified_gmt":"2025-12-04T11:51:48","slug":"who-we-are","status":"publish","type":"page","link":"https:\/\/greencourt.mgcomunicacio.com\/en\/greencourt\/who-we-are\/","title":{"rendered":"Who we are"},"content":{"rendered":"<div class=\"wp-block-greencourt-cabecera mod-cabecera f1_2\"><div class=\"slider\"><div class=\"wp-block-greencourt-cabecera-interior slide\"><div class=\"maq-contenidor\" style=\"backdrop-filter: blur(0px)\"><div class=\"text\"><h1 class=\"wp-block-heading has-text-align-center is-style-com_titular_1 has-blanc-color has-text-color has-link-color wp-elements-1d8dd0c70488b2636f818adfcbc1d841\">Leaders in sports courts<br\/>and sustainability<\/h1><\/div><\/div><div class=\"image\" style=\"background-image:url(https:\/\/greencourt.mgcomunicacio.com\/wp-content\/uploads\/2025\/08\/Greencourt-pistas-de-tenis-de-tierra-batida-10.jpg)\"><\/div><div style=\"background: #2b2b2b; opacity: calc(20\/100);\" class=\"capa-color\"><\/div><\/div><\/div><\/div><div class=\"wp-block-greencourt-marges maq-contenidor normal marge-superior-gran marge-inferior-gran\" data-aos=\"off\" data-aos-delay=\"aos_delay\"><h2 class=\"wp-block-heading is-style-com_titular_2\"><strong><strong>Clay courts are<\/strong><\/strong><br\/><strong><strong>in our DNA<\/strong><\/strong><\/h2>\n\n<div style=\"height:50px\" aria-hidden=\"true\" class=\"wp-block-spacer\"><\/div>\n\n<p class=\"is-style-com_titular_4\">At Greencourt, for over 20 years, we have been building, renovating, and maintaining clay tennis courts. From day one, we have worked with the conviction that a good court is not just a surface: it is the stage where sports careers are built, clubs are strengthened, and memorable playing experiences are created. That&#8217;s why we meticulously care for every detail, from the foundation to the final watering.  <\/p>\n\n<p><\/p>\n\n<p class=\"is-style-com_titular_4\">We specialize in offering comprehensive solutions: from court design and construction to ongoing maintenance. We work closely with clubs, federations, and public administrations to understand their needs and offer them a rigorous, efficient service tailored to each context. We know that every court has its own story, and that&#8217;s why we approach each project as if it were unique.  <\/p><\/div><p><\/p><div style=\"height:10vh\" aria-hidden=\"true\" class=\"wp-block-spacer\"><\/div><div class=\"wp-block-greencourt-ajedrez mod-escacs align-superior marge-superior- marge-inferior-\"><div class=\"wp-block-greencourt-ajedrez-interior interior maq_cols_flex cols_2\"><div class=\"col text\"><div class=\"text-wrapper\"><h2 class=\"wp-block-heading is-style-com_titular_3 has-taronja-greencourt-color has-text-color has-link-color wp-elements-48fc3edfa752d2b5ac6ff2ff215a275a\">Over two decades building high-quality clay courts<\/h2>\n\n<p class=\"is-style-com_titular_4 has-gris-greencourt-color has-text-color has-link-color wp-elements-9064d96b99392453721f32b7c7679479\">We are firmly committed to technical innovation and the use of materials that guarantee both sports performance, durability, and respect for the environment. We like to stay up-to-date and incorporate continuous improvements into our processes, but without losing the artisanal essence that characterizes quality clay courts. <\/p>\n\n<p><\/p><\/div><\/div><div class=\"col img\"><div class=\"img-container\" style=\"background-image:url(https:\/\/greencourt.mgcomunicacio.com\/wp-content\/uploads\/2025\/08\/Greencourt-qui-som-02.jpg)\"><\/div><\/div><\/div>\n\n<div class=\"wp-block-greencourt-ajedrez-interior interior maq_cols_flex cols_2\"><div class=\"col text\"><div class=\"text-wrapper\"><h2 class=\"wp-block-heading is-style-com_titular_3 has-taronja-greencourt-color has-text-color has-link-color wp-elements-bd7fa090a35fe4829673da073a007588\">Commitment to technical innovation and sustainability in every project<\/h2>\n\n<p class=\"is-style-com_titular_4\">We will transform each court into a quality project, meticulously cared for and designed to last. And we will do so responsibly, because we understand that sustainability is not an add-on, but a fundamental pillar of our way of working. This has made us a benchmark company in the sector, recognized not only for the quality of our courts, but also for the values with which we develop each project.  <\/p><\/div><\/div><div class=\"col img\"><div class=\"img-container\" style=\"background-image:url(https:\/\/greencourt.mgcomunicacio.com\/wp-content\/uploads\/2025\/08\/Greencourt-qui-som-04.jpg)\"><\/div><\/div><\/div><\/div><div style=\"height:20vh\" aria-hidden=\"true\" class=\"wp-block-spacer\"><\/div><div class=\"wp-block-greencourt-marges maq-contenidor fullwidth marge-superior-petit marge-inferior-\" data-aos=\"off\" data-aos-delay=\"aos_delay\"><figure class=\"wp-block-embed is-type-video is-provider-youtube wp-block-embed-youtube wp-embed-aspect-16-9 wp-has-aspect-ratio\"><div class=\"wp-block-embed__wrapper\">\n<iframe loading=\"lazy\" title=\"Instal\u00b7laci\u00f3, fabricaci\u00f3 i manteniment de pistes de tennis, p\u00e0del, futbol i gespa artificial\" width=\"500\" height=\"281\" src=\"https:\/\/www.youtube.com\/embed\/oWpbgGgljNw?feature=oembed\" frameborder=\"0\" allow=\"accelerometer; autoplay; clipboard-write; encrypted-media; gyroscope; picture-in-picture; web-share\" referrerpolicy=\"strict-origin-when-cross-origin\" allowfullscreen><\/iframe>\n<\/div><\/figure><\/div><div class=\"wp-block-greencourt-marges maq-contenidor normal marge-superior-petit marge-inferior-\" data-aos=\"off\" data-aos-delay=\"aos_delay\"><h2 class=\"wp-block-heading is-style-com_titular_2\"><strong><strong>Why trust<\/strong><\/strong><br\/><strong><strong>Greencourt<\/strong><\/strong><\/h2>\n\n<div style=\"height:50px\" aria-hidden=\"true\" class=\"wp-block-spacer\"><\/div><\/div><div class=\"wp-block-greencourt-marges maq-contenidor normal marge-superior- marge-inferior-\" data-aos=\"off\" data-aos-delay=\"aos_delay\"><div class=\"wp-block-greencourt-columnes-responsive mod-columnes-responsive cols-dsk-5 cols-tbl-2 cols-mob-1 gap-petit centra-orfes\"><div class=\"wp-block-greencourt-columna-responsive mod-columna-responsive-wrapper\"><div class=\"mod-columna-responsive valign-superior\"><p class=\"is-style-com_titular_1 txt-gran-mobile\">01<\/p>\n\n<p class=\"is-style-com_titular_5\">Over 20 years of experience in sports and urban public works.<\/p><\/div><\/div>\n\n<div class=\"wp-block-greencourt-columna-responsive mod-columna-responsive-wrapper\"><div class=\"mod-columna-responsive valign-superior\"><p class=\"is-style-com_titular_1 txt-gran-mobile\">02<\/p>\n\n<p class=\"is-style-com_titular_5\">Solutions adapted to the needs and budgets of the municipal sector.<\/p><\/div><\/div>\n\n<div class=\"wp-block-greencourt-columna-responsive mod-columna-responsive-wrapper\"><div class=\"mod-columna-responsive valign-superior\"><p class=\"is-style-com_titular_1 txt-gran-mobile\">03<\/p>\n\n<p class=\"is-style-com_titular_5\">Strict compliance with technical, environmental, and safety regulations.<\/p><\/div><\/div>\n\n<div class=\"wp-block-greencourt-columna-responsive mod-columna-responsive-wrapper\"><div class=\"mod-columna-responsive valign-superior\"><p class=\"is-style-com_titular_1 txt-gran-mobile\">04<\/p>\n\n<p class=\"is-style-com_titular_5\">Ability to manage comprehensive projects: from design to execution and maintenance.<\/p><\/div><\/div>\n\n<div class=\"wp-block-greencourt-columna-responsive mod-columna-responsive-wrapper\"><div class=\"mod-columna-responsive valign-superior\"><p class=\"is-style-com_titular_1 txt-gran-mobile\">05<\/p>\n\n<p class=\"is-style-com_titular_5\">Personalized service, transparency, and continuous monitoring.<\/p><\/div><\/div><\/div><\/div><div style=\"height:15vh\" aria-hidden=\"true\" class=\"wp-block-spacer\"><\/div>","protected":false},"excerpt":{"rendered":"","protected":false},"author":1,"featured_media":0,"parent":4836,"menu_order":0,"comment_status":"closed","ping_status":"closed","template":"","meta":{"_acf_changed":false,"footnotes":""},"class_list":["post-5297","page","type-page","status-publish","hentry"],"acf":[],"_links":{"self":[{"href":"https:\/\/greencourt.mgcomunicacio.com\/en\/wp-json\/wp\/v2\/pages\/5297","targetHints":{"allow":["GET"]}}],"collection":[{"href":"https:\/\/greencourt.mgcomunicacio.com\/en\/wp-json\/wp\/v2\/pages"}],"about":[{"href":"https:\/\/greencourt.mgcomunicacio.com\/en\/wp-json\/wp\/v2\/types\/page"}],"author":[{"embeddable":true,"href":"https:\/\/greencourt.mgcomunicacio.com\/en\/wp-json\/wp\/v2\/users\/1"}],"replies":[{"embeddable":true,"href":"https:\/\/greencourt.mgcomunicacio.com\/en\/wp-json\/wp\/v2\/comments?post=5297"}],"version-history":[{"count":1,"href":"https:\/\/greencourt.mgcomunicacio.com\/en\/wp-json\/wp\/v2\/pages\/5297\/revisions"}],"predecessor-version":[{"id":5308,"href":"https:\/\/greencourt.mgcomunicacio.com\/en\/wp-json\/wp\/v2\/pages\/5297\/revisions\/5308"}],"up":[{"embeddable":true,"href":"https:\/\/greencourt.mgcomunicacio.com\/en\/wp-json\/wp\/v2\/pages\/4836"}],"wp:attachment":[{"href":"https:\/\/greencourt.mgcomunicacio.com\/en\/wp-json\/wp\/v2\/media?parent=5297"}],"curies":[{"name":"wp","href":"https:\/\/api.w.org\/{rel}","templated":true}]}}